{"id":938,"date":"2016-09-21T17:49:43","date_gmt":"2016-09-21T20:49:43","guid":{"rendered":"http:\/\/atuaria.sites.uff.br\/?page_id=938"},"modified":"2025-05-20T15:18:32","modified_gmt":"2025-05-20T18:18:32","slug":"pesquisa","status":"publish","type":"page","link":"http:\/\/atuaria.sites.uff.br\/?page_id=938","title":{"rendered":"PESQUISA"},"content":{"rendered":"\n<p><\/p>\n\n\n\n<h5 class=\"wp-block-heading\"><a href=\"https:\/\/atuaria.sites.uff.br\/?p=2553(abrir em uma nova aba)\">Aplica\u00e7\u00f5es da L\u00f3gica em Atu\u00e1ria e Finan\u00e7as<\/a><\/h5>\n\n\n\n<h4 class=\"wp-block-heading\"><br><\/h4>\n\n\n\n<h5 class=\"wp-block-heading\"><a href=\"https:\/\/atuaria.sites.uff.br\/?p=2559(abrir em uma nova aba)\">Aspectos da Governan\u00e7a e Gest\u00e3o Financeira da \u00c1rea de Previd\u00eancia<\/a><\/h5>\n\n\n\n<p><br><\/p>\n\n\n\n<h5 class=\"wp-block-heading\"><strong><a href=\"https:\/\/atuaria.sites.uff.br\/?p=2568\">Educa\u00e7\u00e3o, um Projeto de Pa\u00eds e de Estado, Cidadania e Ensino<\/a><\/strong><\/h5>\n\n\n\n<p><br><\/p>\n\n\n\n<h5 class=\"wp-block-heading\"><strong><a href=\"https:\/\/atuaria.sites.uff.br\/?p=2576\">Estudos e Aplica\u00e7\u00f5es de T\u00e9cnicas de Monitoramento Estat\u00edstico<\/a><\/strong><\/h5>\n\n\n\n<p><br><\/p>\n\n\n\n<h5 class=\"wp-block-heading\"><a href=\"https:\/\/atuaria.sites.uff.br\/?p=2580\">Laborat\u00f3rio de Finan\u00e7as (LabFin)<br><\/a><\/h5>\n\n\n\n<p><\/p>\n\n\n\n<p><\/p>\n\n\n\n<p class=\"has-text-align-center\"><\/p>\n\n\n\n<p><\/p>\n","protected":false},"excerpt":{"rendered":"<p>Aplica\u00e7\u00f5es da L\u00f3gica em Atu\u00e1ria e Finan\u00e7as Aspectos da Governan\u00e7a e Gest\u00e3o Financeira da \u00c1rea de Previd\u00eancia Educa\u00e7\u00e3o, um Projeto de Pa\u00eds e de Estado, Cidadania e Ensino Estudos e Aplica\u00e7\u00f5es de T\u00e9cnicas de Monitoramento Estat\u00edstico Laborat\u00f3rio de Finan\u00e7as (LabFin)<\/p>\n","protected":false},"author":47,"featured_media":0,"parent":0,"menu_order":0,"comment_status":"closed","ping_status":"closed","template":"","meta":{"_exactmetrics_skip_tracking":false,"_exactmetrics_sitenote_active":false,"_exactmetrics_sitenote_note":"","_exactmetrics_sitenote_category":0,"footnotes":""},"categories":[],"tags":[],"class_list":["post-938","page","type-page","status-publish","hentry"],"_links":{"self":[{"href":"http:\/\/atuaria.sites.uff.br\/index.php?rest_route=\/wp\/v2\/pages\/938","targetHints":{"allow":["GET"]}}],"collection":[{"href":"http:\/\/atuaria.sites.uff.br\/index.php?rest_route=\/wp\/v2\/pages"}],"about":[{"href":"http:\/\/atuaria.sites.uff.br\/index.php?rest_route=\/wp\/v2\/types\/page"}],"author":[{"embeddable":true,"href":"http:\/\/atuaria.sites.uff.br\/index.php?rest_route=\/wp\/v2\/users\/47"}],"replies":[{"embeddable":true,"href":"http:\/\/atuaria.sites.uff.br\/index.php?rest_route=%2Fwp%2Fv2%2Fcomments&post=938"}],"version-history":[{"count":27,"href":"http:\/\/atuaria.sites.uff.br\/index.php?rest_route=\/wp\/v2\/pages\/938\/revisions"}],"predecessor-version":[{"id":2593,"href":"http:\/\/atuaria.sites.uff.br\/index.php?rest_route=\/wp\/v2\/pages\/938\/revisions\/2593"}],"wp:attachment":[{"href":"http:\/\/atuaria.sites.uff.br\/index.php?rest_route=%2Fwp%2Fv2%2Fmedia&parent=938"}],"wp:term":[{"taxonomy":"category","embeddable":true,"href":"http:\/\/atuaria.sites.uff.br\/index.php?rest_route=%2Fwp%2Fv2%2Fcategories&post=938"},{"taxonomy":"post_tag","embeddable":true,"href":"http:\/\/atuaria.sites.uff.br\/index.php?rest_route=%2Fwp%2Fv2%2Ftags&post=938"}],"curies":[{"name":"wp","href":"https:\/\/api.w.org\/{rel}","templated":true}]}}