{"id":909,"date":"2016-09-21T15:38:09","date_gmt":"2016-09-21T18:38:09","guid":{"rendered":"http:\/\/atuaria.sites.uff.br\/?page_id=909"},"modified":"2016-09-23T17:37:29","modified_gmt":"2016-09-23T20:37:29","slug":"declaracao-de-regularidade","status":"publish","type":"page","link":"http:\/\/atuaria.sites.uff.br\/?page_id=909","title":{"rendered":"Declara\u00e7\u00e3o de Regularidade"},"content":{"rendered":"<p>Informa o status do aluno em rela\u00e7\u00e3o ao curso.<\/p>\n<p>&nbsp;<\/p>\n<p><strong>Procedimento<\/strong><\/p>\n<p>I.\u00a0\u00a0 Imprimi-lo por meio do <a href=\"https:\/\/inscricao.id.uff.br\/\">IdUFF.<\/a><\/p>\n","protected":false},"excerpt":{"rendered":"<p>Informa o status do aluno em rela\u00e7\u00e3o ao curso. &nbsp; Procedimento I.\u00a0\u00a0 Imprimi-lo por meio do IdUFF.<\/p>\n","protected":false},"author":47,"featured_media":0,"parent":0,"menu_order":0,"comment_status":"closed","ping_status":"closed","template":"","meta":{"_exactmetrics_skip_tracking":false,"_exactmetrics_sitenote_active":false,"_exactmetrics_sitenote_note":"","_exactmetrics_sitenote_category":0,"footnotes":""},"categories":[],"tags":[],"class_list":["post-909","page","type-page","status-publish","hentry"],"_links":{"self":[{"href":"http:\/\/atuaria.sites.uff.br\/index.php?rest_route=\/wp\/v2\/pages\/909","targetHints":{"allow":["GET"]}}],"collection":[{"href":"http:\/\/atuaria.sites.uff.br\/index.php?rest_route=\/wp\/v2\/pages"}],"about":[{"href":"http:\/\/atuaria.sites.uff.br\/index.php?rest_route=\/wp\/v2\/types\/page"}],"author":[{"embeddable":true,"href":"http:\/\/atuaria.sites.uff.br\/index.php?rest_route=\/wp\/v2\/users\/47"}],"replies":[{"embeddable":true,"href":"http:\/\/atuaria.sites.uff.br\/index.php?rest_route=%2Fwp%2Fv2%2Fcomments&post=909"}],"version-history":[{"count":3,"href":"http:\/\/atuaria.sites.uff.br\/index.php?rest_route=\/wp\/v2\/pages\/909\/revisions"}],"predecessor-version":[{"id":977,"href":"http:\/\/atuaria.sites.uff.br\/index.php?rest_route=\/wp\/v2\/pages\/909\/revisions\/977"}],"wp:attachment":[{"href":"http:\/\/atuaria.sites.uff.br\/index.php?rest_route=%2Fwp%2Fv2%2Fmedia&parent=909"}],"wp:term":[{"taxonomy":"category","embeddable":true,"href":"http:\/\/atuaria.sites.uff.br\/index.php?rest_route=%2Fwp%2Fv2%2Fcategories&post=909"},{"taxonomy":"post_tag","embeddable":true,"href":"http:\/\/atuaria.sites.uff.br\/index.php?rest_route=%2Fwp%2Fv2%2Ftags&post=909"}],"curies":[{"name":"wp","href":"https:\/\/api.w.org\/{rel}","templated":true}]}}