{"id":896,"date":"2016-09-21T15:28:47","date_gmt":"2016-09-21T18:28:47","guid":{"rendered":"http:\/\/atuaria.sites.uff.br\/?page_id=896"},"modified":"2018-04-10T16:25:33","modified_gmt":"2018-04-10T19:25:33","slug":"documentacao-necessaria-dispensa-de-disciplina","status":"publish","type":"page","link":"http:\/\/atuaria.sites.uff.br\/?page_id=896","title":{"rendered":"Documenta\u00e7\u00e3o Necess\u00e1ria DISPENSA DE DISCIPLINA"},"content":{"rendered":"<div class=\"content\">\n<div class=\"field field-name-body field-type-text-with-summary field-label-hidden\">\n<div class=\"field-item even\">\n<p>I.\u00a0\u00a0 Formul\u00e1rio de requerimento* preenchido;<\/p>\n<p class=\"rtejustify\">II.\u00a0\u00a0 Ementa de todas as disciplinas solicitadas de outra(s) IES;<\/p>\n<p class=\"rtejustify\">III.\u00a0\u00a0 Hist\u00f3rico escolar da IES que cursou a disciplina.<\/p>\n<p class=\"rtejustify\">\n<\/div>\n<\/div>\n<div class=\"field field-name-field-anexo field-type-file field-label-above\">\n<div class=\"field-item even\"><span class=\"file\"><img decoding=\"async\" class=\"file-icon\" title=\"application\/msword\" src=\"http:\/\/www.atuaria.uff.br\/modules\/file\/icons\/x-office-document.png\" alt=\"\" \/> <a title=\"01_formulario_dispensa_de_disciplina_v1.doc\" href=\"http:\/\/atuaria.sites.uff.br\/wp-content\/uploads\/sites\/51\/2018\/04\/Formul\u00e1rioDispensadeDisciplina.pdf\" target=\"_blank\">Formul\u00e1rio Dispensa de Disciplina<\/a><\/span><\/div>\n<\/div>\n<\/div>\n","protected":false},"excerpt":{"rendered":"<p>I.\u00a0\u00a0 Formul\u00e1rio de requerimento* preenchido; II.\u00a0\u00a0 Ementa de todas as disciplinas solicitadas de outra(s) IES; III.\u00a0\u00a0 Hist\u00f3rico escolar da IES que cursou a disciplina. Formul\u00e1rio Dispensa de Disciplina<\/p>\n","protected":false},"author":47,"featured_media":0,"parent":0,"menu_order":0,"comment_status":"closed","ping_status":"closed","template":"","meta":{"_exactmetrics_skip_tracking":false,"_exactmetrics_sitenote_active":false,"_exactmetrics_sitenote_note":"","_exactmetrics_sitenote_category":0,"footnotes":""},"categories":[],"tags":[],"class_list":["post-896","page","type-page","status-publish","hentry"],"_links":{"self":[{"href":"http:\/\/atuaria.sites.uff.br\/index.php?rest_route=\/wp\/v2\/pages\/896","targetHints":{"allow":["GET"]}}],"collection":[{"href":"http:\/\/atuaria.sites.uff.br\/index.php?rest_route=\/wp\/v2\/pages"}],"about":[{"href":"http:\/\/atuaria.sites.uff.br\/index.php?rest_route=\/wp\/v2\/types\/page"}],"author":[{"embeddable":true,"href":"http:\/\/atuaria.sites.uff.br\/index.php?rest_route=\/wp\/v2\/users\/47"}],"replies":[{"embeddable":true,"href":"http:\/\/atuaria.sites.uff.br\/index.php?rest_route=%2Fwp%2Fv2%2Fcomments&post=896"}],"version-history":[{"count":4,"href":"http:\/\/atuaria.sites.uff.br\/index.php?rest_route=\/wp\/v2\/pages\/896\/revisions"}],"predecessor-version":[{"id":1418,"href":"http:\/\/atuaria.sites.uff.br\/index.php?rest_route=\/wp\/v2\/pages\/896\/revisions\/1418"}],"wp:attachment":[{"href":"http:\/\/atuaria.sites.uff.br\/index.php?rest_route=%2Fwp%2Fv2%2Fmedia&parent=896"}],"wp:term":[{"taxonomy":"category","embeddable":true,"href":"http:\/\/atuaria.sites.uff.br\/index.php?rest_route=%2Fwp%2Fv2%2Fcategories&post=896"},{"taxonomy":"post_tag","embeddable":true,"href":"http:\/\/atuaria.sites.uff.br\/index.php?rest_route=%2Fwp%2Fv2%2Ftags&post=896"}],"curies":[{"name":"wp","href":"https:\/\/api.w.org\/{rel}","templated":true}]}}