{"id":894,"date":"2016-09-21T15:27:22","date_gmt":"2016-09-21T18:27:22","guid":{"rendered":"http:\/\/atuaria.sites.uff.br\/?page_id=894"},"modified":"2016-09-21T15:33:39","modified_gmt":"2016-09-21T18:33:39","slug":"no-regulamento-dispensa-de-disciplina-2","status":"publish","type":"page","link":"http:\/\/atuaria.sites.uff.br\/?page_id=894","title":{"rendered":"PROCEDIMENTO"},"content":{"rendered":"<p class=\"rtejustify\">I. Entregar as documenta\u00e7\u00f5es necess\u00e1rias a Coordena\u00e7\u00e3o para an\u00e1lise da dispensa;<\/p>\n<p class=\"rtejustify\">II. Acompanhar o andamento do processo;<\/p>\n<p class=\"rtejustify\">III. Ap\u00f3s a an\u00e1lise, caso tenha sido deferida alguma dispensa, verificar no IdUFF se a dispensa aparece no Hist\u00f3rico Escolar.<\/p>\n","protected":false},"excerpt":{"rendered":"<p>I. Entregar as documenta\u00e7\u00f5es necess\u00e1rias a Coordena\u00e7\u00e3o para an\u00e1lise da dispensa; II. Acompanhar o andamento do processo; III. Ap\u00f3s a an\u00e1lise, caso tenha sido deferida alguma dispensa, verificar no IdUFF se a dispensa aparece no Hist\u00f3rico Escolar.<\/p>\n","protected":false},"author":47,"featured_media":0,"parent":0,"menu_order":0,"comment_status":"closed","ping_status":"closed","template":"","meta":{"_exactmetrics_skip_tracking":false,"_exactmetrics_sitenote_active":false,"_exactmetrics_sitenote_note":"","_exactmetrics_sitenote_category":0,"footnotes":""},"categories":[],"tags":[],"class_list":["post-894","page","type-page","status-publish","hentry"],"_links":{"self":[{"href":"http:\/\/atuaria.sites.uff.br\/index.php?rest_route=\/wp\/v2\/pages\/894","targetHints":{"allow":["GET"]}}],"collection":[{"href":"http:\/\/atuaria.sites.uff.br\/index.php?rest_route=\/wp\/v2\/pages"}],"about":[{"href":"http:\/\/atuaria.sites.uff.br\/index.php?rest_route=\/wp\/v2\/types\/page"}],"author":[{"embeddable":true,"href":"http:\/\/atuaria.sites.uff.br\/index.php?rest_route=\/wp\/v2\/users\/47"}],"replies":[{"embeddable":true,"href":"http:\/\/atuaria.sites.uff.br\/index.php?rest_route=%2Fwp%2Fv2%2Fcomments&post=894"}],"version-history":[{"count":3,"href":"http:\/\/atuaria.sites.uff.br\/index.php?rest_route=\/wp\/v2\/pages\/894\/revisions"}],"predecessor-version":[{"id":904,"href":"http:\/\/atuaria.sites.uff.br\/index.php?rest_route=\/wp\/v2\/pages\/894\/revisions\/904"}],"wp:attachment":[{"href":"http:\/\/atuaria.sites.uff.br\/index.php?rest_route=%2Fwp%2Fv2%2Fmedia&parent=894"}],"wp:term":[{"taxonomy":"category","embeddable":true,"href":"http:\/\/atuaria.sites.uff.br\/index.php?rest_route=%2Fwp%2Fv2%2Fcategories&post=894"},{"taxonomy":"post_tag","embeddable":true,"href":"http:\/\/atuaria.sites.uff.br\/index.php?rest_route=%2Fwp%2Fv2%2Ftags&post=894"}],"curies":[{"name":"wp","href":"https:\/\/api.w.org\/{rel}","templated":true}]}}