{"id":892,"date":"2016-09-21T15:26:26","date_gmt":"2016-09-21T18:26:26","guid":{"rendered":"http:\/\/atuaria.sites.uff.br\/?page_id=892"},"modified":"2017-07-26T16:14:12","modified_gmt":"2017-07-26T19:14:12","slug":"no-regulamento-dispensa-de-disciplina","status":"publish","type":"page","link":"http:\/\/atuaria.sites.uff.br\/?page_id=892","title":{"rendered":"No Regulamento"},"content":{"rendered":"<div class=\"content\">\n<div class=\"field field-name-body field-type-text-with-summary field-label-hidden\">\n<div class=\"field-item even\">\n<p>Art. 86 &#8211; Dispensa de disciplinas \u00e9 o reconhecimento de valor formativo semelhante entre disciplinas cursadas com aproveitamento por graduado ou por discente, desde que obtidas em outra IES, em curso de gradua\u00e7\u00e3o, p\u00f3s-gradua\u00e7\u00e3o, incluindo aquelas cursadas como disciplina isolada e\/ou durante o per\u00edodo de Mobilidade Acad\u00eamica.<\/p>\n<ul>\n<li>1 o &#8211; A dispensa de disciplina poder\u00e1 ser concedida caso:<\/li>\n<\/ul>\n<ol>\n<li>a) Tenha sido cursada em per\u00edodo anterior ao do in\u00edcio dos estudos do discente na UFF ou, em caso de Mobilidade ou de disciplina isolada realizada em outra IES, ap\u00f3s o seu in\u00edcio, desde que autorizado previamente pelo Colegiado do Curso;<\/li>\n<li>b) Possua carga hor\u00e1ria correspondente a, no m\u00ednimo, 80% da carga hor\u00e1ria daquela a ser dispensada na UFF;<\/li>\n<li>c) O seu programa seja considerado equivalente em conte\u00fado ao programa da disciplina a ser dispensada na UFF;<\/li>\n<li>d) Atenda a outros crit\u00e9rios estabelecidos pelo Colegiado de Curso.<\/li>\n<\/ol>\n<ul>\n<li>2o &#8211; A dispensa de disciplina dever\u00e1 ser concedida ap\u00f3s parecer t\u00e9cnico do Departamento de Ensino ao qual a disciplina se vincule, considerando o disposto no Par\u00e1grafo 3o deste Artigo, podendo ser dispensada essa consulta, caso a Coordena\u00e7\u00e3o de Curso tenha obtido outros pareceres semelhantes em pedidos anteriores ou se julgue competente tecnicamente para essa avalia\u00e7\u00e3o.<\/li>\n<li>3o &#8211; Poder\u00e1 ser concedido o aproveitamento de dispensa at\u00e9 o limite de 60% da carga hor\u00e1ria total do curr\u00edculo ao qual o discente estiver vinculado, podendo este limite ser ampliado pelo Colegiado de Curso para discente oriundo de institui\u00e7\u00f5es de reconhecida excel\u00eancia acad\u00eamica.<\/li>\n<li>4o &#8211; No caso de disciplina cursada em IES estrangeira, quando o discente n\u00e3o participou do programa de Mobilidade Internacional, a documenta\u00e7\u00e3o para an\u00e1lise de dispensa dever\u00e1 ser a mesma citada no Art. 86, com a devida autentica\u00e7\u00e3o do consulado brasileiro no pa\u00eds onde foi expedida, respeitadas as conven\u00e7\u00f5es firmadas com o Brasil.<\/li>\n<li>5o &#8211; No caso de disciplina cursada no \u00e2mbito de Mobilidade Acad\u00eamica Internacional, dever\u00e1 ser apresentado documento da DRI comprovando a participa\u00e7\u00e3o nesse programa e a tradu\u00e7\u00e3o simples dos documentos citados no Art. 85, devidamente autenticados pela DRI.<\/li>\n<li>6\u00ba &#8211; O Colegiado de Curso poder\u00e1 solicitar, se julgar necess\u00e1rio, tradu\u00e7\u00e3o simples ou juramentada, ao seu crit\u00e9rio, dos documentos citados no Art. 85.<\/li>\n<\/ul>\n<p>Art. 87 \u2013 A correspond\u00eancia entre disciplinas \u00e9 o reconhecimento de valor formativo semelhante entre disciplinas cursadas com aproveitamento na UFF, em cursos de gradua\u00e7\u00e3o ou p\u00f3s-gradua\u00e7\u00e3o, incluindo disciplinas isoladas ou cumpridas em Programa de Mobilidade Interna. \u00a7 1\u00ba &#8211; A correspond\u00eancia entre disciplinas, com o mesmo conte\u00fado program\u00e1tico e a mesma carga hor\u00e1ria, poder\u00e1 ser deferida automaticamente pela Coordena\u00e7\u00e3o de Curso. \u00a7 2\u00ba &#8211; Uma vez reconhecida a correspond\u00eancia entre disciplinas cursadas na UFF, ser\u00e1 registradas no Hist\u00f3rico Escolar pela Coordena\u00e7\u00e3o de Curso a(s) nota(s) e a(s) frequ\u00eancia(s) obtidas com aproveitamento na matr\u00edcula anterior.<\/p>\n<p>Art. 88 &#8211; Exame de Profici\u00eancia \u00e9 a comprova\u00e7\u00e3o do conhecimento do conte\u00fado de uma disciplina, efetuada por meio de avalia\u00e7\u00e3o espec\u00edfica aplicada ao discente atrav\u00e9s do Departamento de Ensino ou Coordena\u00e7\u00e3o de Curso a qual aquela disciplina se encontra vinculada.<\/p>\n<ul>\n<li>1o &#8211; Cada Departamento de Ensino ou Coordena\u00e7\u00e3o de Curso dever\u00e1 definir uma lista de disciplinas sob sua responsabilidade ou que constem em seu curr\u00edculo (no caso de Curso) que sejam pass\u00edveis de solicita\u00e7\u00e3o de Exame de Profici\u00eancia; ou \u00a7 2o &#8211; O discente poder\u00e1 solicitar, em per\u00edodo previsto no Calend\u00e1rio Escolar, a aplica\u00e7\u00e3o de Exame de Profici\u00eancia em disciplinas do curr\u00edculo de seu curso que constem da listagem prevista no \u00a71\u00ba, desde que ele atenda a crit\u00e9rios a serem estabelecidos pelo Colegiado do Curso, al\u00e9m de:<\/li>\n<\/ul>\n<ol>\n<li>a) N\u00e3o ter cursado a disciplina anteriormente;<\/li>\n<li>b) N\u00e3o ter sido reprovado previamente em: I- Exame prestado para a mesma disciplina;\u00a0 II- Pelo menos 2 (dois) exames realizados para disciplinas distintas.<\/li>\n<li>c) N\u00e3o tenha atingido o m\u00e1ximo de 40% da carga hor\u00e1ria referida no Par\u00e1grafo 4o do Art. 88 deste Regulamento.<\/li>\n<\/ol>\n<ul>\n<li>3o &#8211; Caber\u00e1 ao Departamento de Ensino\/Coordena\u00e7\u00e3o de Curso respons\u00e1vel pela disciplina estabelecer a banca para a realiza\u00e7\u00e3o do referido Exame.<\/li>\n<li>4o &#8211; A carga hor\u00e1ria de disciplinas cumpridas por meio de aprova\u00e7\u00e3o em Exame de Profici\u00eancia n\u00e3o poder\u00e1 superar a 40% da carga hor\u00e1ria total prevista no Curso, podendo este percentual ser menor, a crit\u00e9rio do Colegiado do Curso.<\/li>\n<\/ul>\n<p>\u00a7 5o &#8211; Ap\u00f3s aprova\u00e7\u00e3o no exame de profici\u00eancia, ser\u00e3o registrados no Hist\u00f3rico Escolar a(s) nota(s) obtidas no exame, frequ\u00eancia suficiente e a informa\u00e7\u00e3o que a aprova\u00e7\u00e3o foi obtida por exame de profici\u00eancia.<\/p>\n<\/div>\n<\/div>\n<\/div>\n","protected":false},"excerpt":{"rendered":"<p>Art. 86 &#8211; Dispensa de disciplinas \u00e9 o reconhecimento de valor formativo semelhante entre disciplinas cursadas com aproveitamento por graduado ou por discente, desde que obtidas em outra IES, em curso de gradua\u00e7\u00e3o, p\u00f3s-gradua\u00e7\u00e3o, incluindo aquelas cursadas como disciplina isolada e\/ou durante o per\u00edodo de Mobilidade Acad\u00eamica. 1 o &#8211; A dispensa de disciplina poder\u00e1 [&hellip;]<\/p>\n","protected":false},"author":47,"featured_media":0,"parent":0,"menu_order":0,"comment_status":"closed","ping_status":"closed","template":"","meta":{"_exactmetrics_skip_tracking":false,"_exactmetrics_sitenote_active":false,"_exactmetrics_sitenote_note":"","_exactmetrics_sitenote_category":0,"footnotes":""},"categories":[],"tags":[],"class_list":["post-892","page","type-page","status-publish","hentry"],"_links":{"self":[{"href":"http:\/\/atuaria.sites.uff.br\/index.php?rest_route=\/wp\/v2\/pages\/892","targetHints":{"allow":["GET"]}}],"collection":[{"href":"http:\/\/atuaria.sites.uff.br\/index.php?rest_route=\/wp\/v2\/pages"}],"about":[{"href":"http:\/\/atuaria.sites.uff.br\/index.php?rest_route=\/wp\/v2\/types\/page"}],"author":[{"embeddable":true,"href":"http:\/\/atuaria.sites.uff.br\/index.php?rest_route=\/wp\/v2\/users\/47"}],"replies":[{"embeddable":true,"href":"http:\/\/atuaria.sites.uff.br\/index.php?rest_route=%2Fwp%2Fv2%2Fcomments&post=892"}],"version-history":[{"count":6,"href":"http:\/\/atuaria.sites.uff.br\/index.php?rest_route=\/wp\/v2\/pages\/892\/revisions"}],"predecessor-version":[{"id":1149,"href":"http:\/\/atuaria.sites.uff.br\/index.php?rest_route=\/wp\/v2\/pages\/892\/revisions\/1149"}],"wp:attachment":[{"href":"http:\/\/atuaria.sites.uff.br\/index.php?rest_route=%2Fwp%2Fv2%2Fmedia&parent=892"}],"wp:term":[{"taxonomy":"category","embeddable":true,"href":"http:\/\/atuaria.sites.uff.br\/index.php?rest_route=%2Fwp%2Fv2%2Fcategories&post=892"},{"taxonomy":"post_tag","embeddable":true,"href":"http:\/\/atuaria.sites.uff.br\/index.php?rest_route=%2Fwp%2Fv2%2Ftags&post=892"}],"curies":[{"name":"wp","href":"https:\/\/api.w.org\/{rel}","templated":true}]}}