{"id":886,"date":"2016-09-21T15:20:10","date_gmt":"2016-09-21T18:20:10","guid":{"rendered":"http:\/\/atuaria.sites.uff.br\/?page_id=886"},"modified":"2016-09-21T15:20:10","modified_gmt":"2016-09-21T18:20:10","slug":"procedimento-10","status":"publish","type":"page","link":"http:\/\/atuaria.sites.uff.br\/?page_id=886","title":{"rendered":"Procedimento"},"content":{"rendered":"<p class=\"rtejustify\">I. Verificar no Calend\u00e1rio Escolar o per\u00edodo previsto para Cancelamento de Disciplina;<\/p>\n<p class=\"rtejustify\">II. Entregar a Coordena\u00e7\u00e3o o <em>Formul\u00e1rio de Solicita\u00e7\u00e3o de Cancelamento de Disciplina*<\/em> devidamente preenchido;<\/p>\n<p class=\"rtejustify\">III. S\u00f3 poder\u00e3o ser canceladas no m\u00e1ximo 5 (cinco) disciplinas.<\/p>\n<p>*Em anexo<\/p>\n","protected":false},"excerpt":{"rendered":"<p>I. Verificar no Calend\u00e1rio Escolar o per\u00edodo previsto para Cancelamento de Disciplina; II. Entregar a Coordena\u00e7\u00e3o o Formul\u00e1rio de Solicita\u00e7\u00e3o de Cancelamento de Disciplina* devidamente preenchido; III. S\u00f3 poder\u00e3o ser canceladas no m\u00e1ximo 5 (cinco) disciplinas. *Em anexo<\/p>\n","protected":false},"author":47,"featured_media":0,"parent":0,"menu_order":0,"comment_status":"closed","ping_status":"closed","template":"","meta":{"_exactmetrics_skip_tracking":false,"_exactmetrics_sitenote_active":false,"_exactmetrics_sitenote_note":"","_exactmetrics_sitenote_category":0,"footnotes":""},"categories":[],"tags":[],"class_list":["post-886","page","type-page","status-publish","hentry"],"_links":{"self":[{"href":"http:\/\/atuaria.sites.uff.br\/index.php?rest_route=\/wp\/v2\/pages\/886","targetHints":{"allow":["GET"]}}],"collection":[{"href":"http:\/\/atuaria.sites.uff.br\/index.php?rest_route=\/wp\/v2\/pages"}],"about":[{"href":"http:\/\/atuaria.sites.uff.br\/index.php?rest_route=\/wp\/v2\/types\/page"}],"author":[{"embeddable":true,"href":"http:\/\/atuaria.sites.uff.br\/index.php?rest_route=\/wp\/v2\/users\/47"}],"replies":[{"embeddable":true,"href":"http:\/\/atuaria.sites.uff.br\/index.php?rest_route=%2Fwp%2Fv2%2Fcomments&post=886"}],"version-history":[{"count":1,"href":"http:\/\/atuaria.sites.uff.br\/index.php?rest_route=\/wp\/v2\/pages\/886\/revisions"}],"predecessor-version":[{"id":887,"href":"http:\/\/atuaria.sites.uff.br\/index.php?rest_route=\/wp\/v2\/pages\/886\/revisions\/887"}],"wp:attachment":[{"href":"http:\/\/atuaria.sites.uff.br\/index.php?rest_route=%2Fwp%2Fv2%2Fmedia&parent=886"}],"wp:term":[{"taxonomy":"category","embeddable":true,"href":"http:\/\/atuaria.sites.uff.br\/index.php?rest_route=%2Fwp%2Fv2%2Fcategories&post=886"},{"taxonomy":"post_tag","embeddable":true,"href":"http:\/\/atuaria.sites.uff.br\/index.php?rest_route=%2Fwp%2Fv2%2Ftags&post=886"}],"curies":[{"name":"wp","href":"https:\/\/api.w.org\/{rel}","templated":true}]}}