{"id":872,"date":"2016-09-19T17:41:56","date_gmt":"2016-09-19T20:41:56","guid":{"rendered":"http:\/\/atuaria.sites.uff.br\/?page_id=872"},"modified":"2017-08-07T17:49:58","modified_gmt":"2017-08-07T20:49:58","slug":"no-regulamento-9","status":"publish","type":"page","link":"http:\/\/atuaria.sites.uff.br\/?page_id=872","title":{"rendered":"No Regulamento"},"content":{"rendered":"<p>Art. 40 &#8211; A Mudan\u00e7a de habilita\u00e7\u00e3o\/\u00eanfase \u00e9 o procedimento, sem a necessidade de processo seletivo, pelo qual o discente tem modificada a sua vincula\u00e7\u00e3o original a uma habilita\u00e7\u00e3o\/\u00eanfase dentro do mesmo curso, e deve ser solicitada pelo discente ao Colegiado de Curso, obedecendo \u00e0 normatiza\u00e7\u00e3o deste emanada.<\/p>\n<p>Par\u00e1grafo \u00fanico. Este procedimento ser\u00e1 permitido apenas ao discente que ingressou na UFF antes do ano de 2012 por uma \u00fanica vez.<\/p>\n","protected":false},"excerpt":{"rendered":"<p>Art. 40 &#8211; A Mudan\u00e7a de habilita\u00e7\u00e3o\/\u00eanfase \u00e9 o procedimento, sem a necessidade de processo seletivo, pelo qual o discente tem modificada a sua vincula\u00e7\u00e3o original a uma habilita\u00e7\u00e3o\/\u00eanfase dentro do mesmo curso, e deve ser solicitada pelo discente ao Colegiado de Curso, obedecendo \u00e0 normatiza\u00e7\u00e3o deste emanada. Par\u00e1grafo \u00fanico. Este procedimento ser\u00e1 permitido apenas [&hellip;]<\/p>\n","protected":false},"author":47,"featured_media":0,"parent":0,"menu_order":0,"comment_status":"closed","ping_status":"closed","template":"","meta":{"_exactmetrics_skip_tracking":false,"_exactmetrics_sitenote_active":false,"_exactmetrics_sitenote_note":"","_exactmetrics_sitenote_category":0,"footnotes":""},"categories":[],"tags":[],"class_list":["post-872","page","type-page","status-publish","hentry"],"_links":{"self":[{"href":"http:\/\/atuaria.sites.uff.br\/index.php?rest_route=\/wp\/v2\/pages\/872","targetHints":{"allow":["GET"]}}],"collection":[{"href":"http:\/\/atuaria.sites.uff.br\/index.php?rest_route=\/wp\/v2\/pages"}],"about":[{"href":"http:\/\/atuaria.sites.uff.br\/index.php?rest_route=\/wp\/v2\/types\/page"}],"author":[{"embeddable":true,"href":"http:\/\/atuaria.sites.uff.br\/index.php?rest_route=\/wp\/v2\/users\/47"}],"replies":[{"embeddable":true,"href":"http:\/\/atuaria.sites.uff.br\/index.php?rest_route=%2Fwp%2Fv2%2Fcomments&post=872"}],"version-history":[{"count":2,"href":"http:\/\/atuaria.sites.uff.br\/index.php?rest_route=\/wp\/v2\/pages\/872\/revisions"}],"predecessor-version":[{"id":1258,"href":"http:\/\/atuaria.sites.uff.br\/index.php?rest_route=\/wp\/v2\/pages\/872\/revisions\/1258"}],"wp:attachment":[{"href":"http:\/\/atuaria.sites.uff.br\/index.php?rest_route=%2Fwp%2Fv2%2Fmedia&parent=872"}],"wp:term":[{"taxonomy":"category","embeddable":true,"href":"http:\/\/atuaria.sites.uff.br\/index.php?rest_route=%2Fwp%2Fv2%2Fcategories&post=872"},{"taxonomy":"post_tag","embeddable":true,"href":"http:\/\/atuaria.sites.uff.br\/index.php?rest_route=%2Fwp%2Fv2%2Ftags&post=872"}],"curies":[{"name":"wp","href":"https:\/\/api.w.org\/{rel}","templated":true}]}}