{"id":868,"date":"2016-09-19T17:40:26","date_gmt":"2016-09-19T20:40:26","guid":{"rendered":"http:\/\/atuaria.sites.uff.br\/?page_id=868"},"modified":"2016-09-19T17:40:26","modified_gmt":"2016-09-19T20:40:26","slug":"documentacao-necessaria-4","status":"publish","type":"page","link":"http:\/\/atuaria.sites.uff.br\/?page_id=868","title":{"rendered":"Documenta\u00e7\u00e3o Necess\u00e1ria"},"content":{"rendered":"<p>I.  Carta expondo os motivos pelos quais eles perderam a matr\u00edcula e est\u00e3o querendo retornar;<\/p>\n<p>II.  Hist\u00f3rico Escolar atualizado;<\/p>\n<p>III.  C\u00f3pia da Identidade;<\/p>\n<p>IV.  C\u00f3pia do CPF.<\/p>\n","protected":false},"excerpt":{"rendered":"<p>I. Carta expondo os motivos pelos quais eles perderam a matr\u00edcula e est\u00e3o querendo retornar; II. Hist\u00f3rico Escolar atualizado; III. C\u00f3pia da Identidade; IV. C\u00f3pia do CPF.<\/p>\n","protected":false},"author":47,"featured_media":0,"parent":0,"menu_order":0,"comment_status":"closed","ping_status":"closed","template":"","meta":{"_exactmetrics_skip_tracking":false,"_exactmetrics_sitenote_active":false,"_exactmetrics_sitenote_note":"","_exactmetrics_sitenote_category":0,"footnotes":""},"categories":[],"tags":[],"class_list":["post-868","page","type-page","status-publish","hentry"],"_links":{"self":[{"href":"http:\/\/atuaria.sites.uff.br\/index.php?rest_route=\/wp\/v2\/pages\/868","targetHints":{"allow":["GET"]}}],"collection":[{"href":"http:\/\/atuaria.sites.uff.br\/index.php?rest_route=\/wp\/v2\/pages"}],"about":[{"href":"http:\/\/atuaria.sites.uff.br\/index.php?rest_route=\/wp\/v2\/types\/page"}],"author":[{"embeddable":true,"href":"http:\/\/atuaria.sites.uff.br\/index.php?rest_route=\/wp\/v2\/users\/47"}],"replies":[{"embeddable":true,"href":"http:\/\/atuaria.sites.uff.br\/index.php?rest_route=%2Fwp%2Fv2%2Fcomments&post=868"}],"version-history":[{"count":1,"href":"http:\/\/atuaria.sites.uff.br\/index.php?rest_route=\/wp\/v2\/pages\/868\/revisions"}],"predecessor-version":[{"id":869,"href":"http:\/\/atuaria.sites.uff.br\/index.php?rest_route=\/wp\/v2\/pages\/868\/revisions\/869"}],"wp:attachment":[{"href":"http:\/\/atuaria.sites.uff.br\/index.php?rest_route=%2Fwp%2Fv2%2Fmedia&parent=868"}],"wp:term":[{"taxonomy":"category","embeddable":true,"href":"http:\/\/atuaria.sites.uff.br\/index.php?rest_route=%2Fwp%2Fv2%2Fcategories&post=868"},{"taxonomy":"post_tag","embeddable":true,"href":"http:\/\/atuaria.sites.uff.br\/index.php?rest_route=%2Fwp%2Fv2%2Ftags&post=868"}],"curies":[{"name":"wp","href":"https:\/\/api.w.org\/{rel}","templated":true}]}}