{"id":859,"date":"2016-09-19T17:37:35","date_gmt":"2016-09-19T20:37:35","guid":{"rendered":"http:\/\/atuaria.sites.uff.br\/?page_id=859"},"modified":"2017-07-31T17:47:44","modified_gmt":"2017-07-31T20:47:44","slug":"no-regulamento-7","status":"publish","type":"page","link":"http:\/\/atuaria.sites.uff.br\/?page_id=859","title":{"rendered":"No Regulamento"},"content":{"rendered":"<p>Art. 39 \u2013 A Mudan\u00e7a de Curso e de Localidade \u00e9 um procedimento facultado ao discente e far-se-\u00e1 atrav\u00e9s de processo seletivo, levando-se em conta as seguintes defini\u00e7\u00f5es:<\/p>\n<p>a)Mudan\u00e7a de Curso \u00e9 o ato que permite ao discente de um determinado curso de gradua\u00e7\u00e3o da UFF ingressar em outro curso de gradua\u00e7\u00e3o por meio de processo seletivo atrav\u00e9s de aplica\u00e7\u00e3o de provas.<\/p>\n<p>b)Mudan\u00e7a de Localidade \u00e9 o ato que permite ao discente de determinado curso de gradua\u00e7\u00e3o da UFF ingressar em outro curso de gradua\u00e7\u00e3o com a mesma denomina\u00e7\u00e3o, por\u00e9m ministrado em outra localidade, atrav\u00e9s de processo seletivo sem aplica\u00e7\u00e3o de prova.<\/p>\n<p>\u00a7 1\u00ba &#8211; Caber\u00e1 ao Colegiado de Curso estabelecer os crit\u00e9rios para participa\u00e7\u00e3o do discente no processo seletivo, listas de cursos de origem e modalidade de ensino permitidos e regras adicionais espec\u00edficas, seguindo prazos estabelecidos pela PROGRAD\/COSEAC.<\/p>\n<p>\u00a7 2\u00ba &#8211; A Mudan\u00e7a de Curso e de Localidade s\u00f3 ser\u00e1 permitida ao discente que puder integralizar o curr\u00edculo do curso de destino dentro do prazo m\u00e1ximo de perman\u00eancia, considerando-se a quantidade de per\u00edodos cursados desde o ingresso no curso de origem.<\/p>\n<p>\u00a7 3\u00ba &#8211; O discente s\u00f3 poder\u00e1 mudar de curso e de localidade uma \u00fanica vez.<\/p>\n<p>\u00a7 4\u00ba &#8211; Esse procedimento n\u00e3o \u00e9 permitido ao discente que ingressar por Rematr\u00edcula ou Revincula\u00e7\u00e3o.<\/p>\n<p>\u00a7 5\u00ba &#8211; A realiza\u00e7\u00e3o do processo seletivo para essa modalidade ser\u00e1 regulamentada por edital espec\u00edfico e obedecer\u00e1 ao disposto no T\u00edtulo I, Cap\u00edtulo VII, deste Regulamento.<\/p>\n","protected":false},"excerpt":{"rendered":"<p>Art. 39 \u2013 A Mudan\u00e7a de Curso e de Localidade \u00e9 um procedimento facultado ao discente e far-se-\u00e1 atrav\u00e9s de processo seletivo, levando-se em conta as seguintes defini\u00e7\u00f5es: a)Mudan\u00e7a de Curso \u00e9 o ato que permite ao discente de um determinado curso de gradua\u00e7\u00e3o da UFF ingressar em outro curso de gradua\u00e7\u00e3o por meio de [&hellip;]<\/p>\n","protected":false},"author":47,"featured_media":0,"parent":0,"menu_order":0,"comment_status":"closed","ping_status":"closed","template":"","meta":{"_exactmetrics_skip_tracking":false,"_exactmetrics_sitenote_active":false,"_exactmetrics_sitenote_note":"","_exactmetrics_sitenote_category":0,"footnotes":""},"categories":[],"tags":[],"class_list":["post-859","page","type-page","status-publish","hentry"],"_links":{"self":[{"href":"http:\/\/atuaria.sites.uff.br\/index.php?rest_route=\/wp\/v2\/pages\/859","targetHints":{"allow":["GET"]}}],"collection":[{"href":"http:\/\/atuaria.sites.uff.br\/index.php?rest_route=\/wp\/v2\/pages"}],"about":[{"href":"http:\/\/atuaria.sites.uff.br\/index.php?rest_route=\/wp\/v2\/types\/page"}],"author":[{"embeddable":true,"href":"http:\/\/atuaria.sites.uff.br\/index.php?rest_route=\/wp\/v2\/users\/47"}],"replies":[{"embeddable":true,"href":"http:\/\/atuaria.sites.uff.br\/index.php?rest_route=%2Fwp%2Fv2%2Fcomments&post=859"}],"version-history":[{"count":2,"href":"http:\/\/atuaria.sites.uff.br\/index.php?rest_route=\/wp\/v2\/pages\/859\/revisions"}],"predecessor-version":[{"id":1207,"href":"http:\/\/atuaria.sites.uff.br\/index.php?rest_route=\/wp\/v2\/pages\/859\/revisions\/1207"}],"wp:attachment":[{"href":"http:\/\/atuaria.sites.uff.br\/index.php?rest_route=%2Fwp%2Fv2%2Fmedia&parent=859"}],"wp:term":[{"taxonomy":"category","embeddable":true,"href":"http:\/\/atuaria.sites.uff.br\/index.php?rest_route=%2Fwp%2Fv2%2Fcategories&post=859"},{"taxonomy":"post_tag","embeddable":true,"href":"http:\/\/atuaria.sites.uff.br\/index.php?rest_route=%2Fwp%2Fv2%2Ftags&post=859"}],"curies":[{"name":"wp","href":"https:\/\/api.w.org\/{rel}","templated":true}]}}