{"id":854,"date":"2016-09-19T17:35:46","date_gmt":"2016-09-19T20:35:46","guid":{"rendered":"http:\/\/atuaria.sites.uff.br\/?page_id=854"},"modified":"2017-07-31T17:46:38","modified_gmt":"2017-07-31T20:46:38","slug":"no-regulamento-6","status":"publish","type":"page","link":"http:\/\/atuaria.sites.uff.br\/?page_id=854","title":{"rendered":"No Regulamento"},"content":{"rendered":"<p>Art. 38 &#8211; O Reingresso far-se-\u00e1 por duas modalidades:<\/p>\n<p>a) Por concurso p\u00fablico; e<\/p>\n<p>b) Sem concurso p\u00fablico.<\/p>\n<p>\u00a7 1o &#8211; O Reingresso por concurso p\u00fablico ser\u00e1 regulamentado por edital espec\u00edfico, condicionado \u00e0 exist\u00eancia de vaga, e permitido aos portadores de diploma de curso de gradua\u00e7\u00e3o devidamente reconhecido, oriundos desta ou de outra Institui\u00e7\u00e3o de Ensino Superior.<\/p>\n<p>\u00a7 2o &#8211; A regulamenta\u00e7\u00e3o para a realiza\u00e7\u00e3o de concurso p\u00fablico para Reingresso obedecer\u00e1 ao disposto no Cap\u00edtulo VII do T\u00edtulo I deste Regulamento.<\/p>\n<p>\u00a7 3 o &#8211; O Reingresso sem concurso poder\u00e1 ocorrer atrav\u00e9s das seguintes formas:<\/p>\n<p>a) Perman\u00eancia de V\u00ednculo, facultada ao discente que desejar ingressar em uma nova habilita\u00e7\u00e3o ou \u00eanfase, do mesmo curso, devendo ser requerida no \u00faltimo per\u00edodo letivo, imediatamente anterior a sua formatura, ficando o seu novo ingresso condicionado \u00e0 exist\u00eancia de vaga e a crit\u00e9rios estabelecidos pelo seu Colegiado de Curso.<\/p>\n<p>b) Revincula\u00e7\u00e3o para outro curso afim, facultado ao discente que desejar ingressar em outro curso de gradua\u00e7\u00e3o, devendo ser requerido no \u00faltimo per\u00edodo letivo, imediatamente anterior a sua formatura, ficando seu novo ingresso condicionado \u00e0 exist\u00eancia de vaga e a crit\u00e9rios estabelecidos pelo Colegiado do Curso de destino.<\/p>\n<p>\u00a7 4o &#8211; Os discentes interessados em pleitear a Revincula\u00e7\u00e3o em cursos afins dever\u00e3o protocolizar seu interesse dentro do per\u00edodo letivo previsto para a conclus\u00e3o do seu curso de origem, respeitado o prazo definido no Calend\u00e1rio Escolar, e o seu ingresso dar-se-\u00e1 no per\u00edodo letivo seguinte ao da integraliza\u00e7\u00e3o curricular.<\/p>\n<p>\u00a7 5 o &#8211; O discente que n\u00e3o pleitear o seu Reingresso, sem concurso p\u00fablico, dentro do prazo estabelecido nos incisos supracitados, somente poder\u00e1 faz\u00ea-lo atrav\u00e9s da modalidade prevista no par\u00e1grafo 1 o deste Artigo.<\/p>\n<p>\u00a7 6 o &#8211; O discente que n\u00e3o proceder \u00e0 inscri\u00e7\u00e3o em disciplinas no per\u00edodo letivo para o qual seja concedida a sua revincula\u00e7\u00e3o\/perman\u00eancia de v\u00ednculo ter\u00e1 a matr\u00edcula cancelada.<\/p>\n<p>\u00a7 7o &#8211; O discente com revincula\u00e7\u00e3o n\u00e3o poder\u00e1 trancar a matr\u00edcula no seu primeiro per\u00edodo letivo, sob pena de ter cancelada a sua matr\u00edcula.<\/p>\n<p>\u00a7 8o &#8211; O discente incurso nos par\u00e1grafos 6 o ou 7o deste Artigo somente poder\u00e1 retornar a esta Universidade a fim de iniciar uma nova titula\u00e7\u00e3o, habilita\u00e7\u00e3o ou \u00eanfase atrav\u00e9s de novo concurso nas modalidades Acesso Inicial \u00e0 Gradua\u00e7\u00e3o, Reingresso por Concurso ou Transfer\u00eancia.<\/p>\n","protected":false},"excerpt":{"rendered":"<p>Art. 38 &#8211; O Reingresso far-se-\u00e1 por duas modalidades: a) Por concurso p\u00fablico; e b) Sem concurso p\u00fablico. \u00a7 1o &#8211; O Reingresso por concurso p\u00fablico ser\u00e1 regulamentado por edital espec\u00edfico, condicionado \u00e0 exist\u00eancia de vaga, e permitido aos portadores de diploma de curso de gradua\u00e7\u00e3o devidamente reconhecido, oriundos desta ou de outra Institui\u00e7\u00e3o de [&hellip;]<\/p>\n","protected":false},"author":47,"featured_media":0,"parent":0,"menu_order":0,"comment_status":"closed","ping_status":"closed","template":"","meta":{"_exactmetrics_skip_tracking":false,"_exactmetrics_sitenote_active":false,"_exactmetrics_sitenote_note":"","_exactmetrics_sitenote_category":0,"footnotes":""},"categories":[],"tags":[],"class_list":["post-854","page","type-page","status-publish","hentry"],"_links":{"self":[{"href":"http:\/\/atuaria.sites.uff.br\/index.php?rest_route=\/wp\/v2\/pages\/854","targetHints":{"allow":["GET"]}}],"collection":[{"href":"http:\/\/atuaria.sites.uff.br\/index.php?rest_route=\/wp\/v2\/pages"}],"about":[{"href":"http:\/\/atuaria.sites.uff.br\/index.php?rest_route=\/wp\/v2\/types\/page"}],"author":[{"embeddable":true,"href":"http:\/\/atuaria.sites.uff.br\/index.php?rest_route=\/wp\/v2\/users\/47"}],"replies":[{"embeddable":true,"href":"http:\/\/atuaria.sites.uff.br\/index.php?rest_route=%2Fwp%2Fv2%2Fcomments&post=854"}],"version-history":[{"count":3,"href":"http:\/\/atuaria.sites.uff.br\/index.php?rest_route=\/wp\/v2\/pages\/854\/revisions"}],"predecessor-version":[{"id":1206,"href":"http:\/\/atuaria.sites.uff.br\/index.php?rest_route=\/wp\/v2\/pages\/854\/revisions\/1206"}],"wp:attachment":[{"href":"http:\/\/atuaria.sites.uff.br\/index.php?rest_route=%2Fwp%2Fv2%2Fmedia&parent=854"}],"wp:term":[{"taxonomy":"category","embeddable":true,"href":"http:\/\/atuaria.sites.uff.br\/index.php?rest_route=%2Fwp%2Fv2%2Fcategories&post=854"},{"taxonomy":"post_tag","embeddable":true,"href":"http:\/\/atuaria.sites.uff.br\/index.php?rest_route=%2Fwp%2Fv2%2Ftags&post=854"}],"curies":[{"name":"wp","href":"https:\/\/api.w.org\/{rel}","templated":true}]}}