{"id":838,"date":"2016-09-19T17:28:42","date_gmt":"2016-09-19T20:28:42","guid":{"rendered":"http:\/\/atuaria.sites.uff.br\/?page_id=838"},"modified":"2016-09-19T17:28:42","modified_gmt":"2016-09-19T20:28:42","slug":"documentacao-necessaria-2","status":"publish","type":"page","link":"http:\/\/atuaria.sites.uff.br\/?page_id=838","title":{"rendered":"Documenta\u00e7\u00e3o Necess\u00e1ria"},"content":{"rendered":"<p>I.   Requerimento ao Reitor;<\/p>\n<p>II.   Hist\u00f3rico escolar atualizado (original ou c\u00f3pia autenticada);<\/p>\n<p>III.   Programas das disciplinas cursadas e atividades cumpridas;<\/p>\n<p>IV.   Fluxograma do curso na institui\u00e7\u00e3o de origem;<\/p>\n<p>V.   Declara\u00e7\u00e3o de que o requerente est\u00e1 regularmente matriculado na IES de origem<\/p>\n<p>VI.   (original e atualizada);<\/p>\n<p>VII.   Comprova\u00e7\u00e3o do tipo de ingresso na IES p\u00fablica de origem; e<\/p>\n<p>VIII.   C\u00f3pia de documento oficial de Identidade do requerente.<\/p>\n","protected":false},"excerpt":{"rendered":"<p>I. Requerimento ao Reitor; II. Hist\u00f3rico escolar atualizado (original ou c\u00f3pia autenticada); III. Programas das disciplinas cursadas e atividades cumpridas; IV. Fluxograma do curso na institui\u00e7\u00e3o de origem; V. Declara\u00e7\u00e3o de que o requerente est\u00e1 regularmente matriculado na IES de origem VI. (original e atualizada); VII. Comprova\u00e7\u00e3o do tipo de ingresso na IES p\u00fablica de [&hellip;]<\/p>\n","protected":false},"author":47,"featured_media":0,"parent":0,"menu_order":0,"comment_status":"closed","ping_status":"closed","template":"","meta":{"_exactmetrics_skip_tracking":false,"_exactmetrics_sitenote_active":false,"_exactmetrics_sitenote_note":"","_exactmetrics_sitenote_category":0,"footnotes":""},"categories":[],"tags":[],"class_list":["post-838","page","type-page","status-publish","hentry"],"_links":{"self":[{"href":"http:\/\/atuaria.sites.uff.br\/index.php?rest_route=\/wp\/v2\/pages\/838","targetHints":{"allow":["GET"]}}],"collection":[{"href":"http:\/\/atuaria.sites.uff.br\/index.php?rest_route=\/wp\/v2\/pages"}],"about":[{"href":"http:\/\/atuaria.sites.uff.br\/index.php?rest_route=\/wp\/v2\/types\/page"}],"author":[{"embeddable":true,"href":"http:\/\/atuaria.sites.uff.br\/index.php?rest_route=\/wp\/v2\/users\/47"}],"replies":[{"embeddable":true,"href":"http:\/\/atuaria.sites.uff.br\/index.php?rest_route=%2Fwp%2Fv2%2Fcomments&post=838"}],"version-history":[{"count":1,"href":"http:\/\/atuaria.sites.uff.br\/index.php?rest_route=\/wp\/v2\/pages\/838\/revisions"}],"predecessor-version":[{"id":839,"href":"http:\/\/atuaria.sites.uff.br\/index.php?rest_route=\/wp\/v2\/pages\/838\/revisions\/839"}],"wp:attachment":[{"href":"http:\/\/atuaria.sites.uff.br\/index.php?rest_route=%2Fwp%2Fv2%2Fmedia&parent=838"}],"wp:term":[{"taxonomy":"category","embeddable":true,"href":"http:\/\/atuaria.sites.uff.br\/index.php?rest_route=%2Fwp%2Fv2%2Fcategories&post=838"},{"taxonomy":"post_tag","embeddable":true,"href":"http:\/\/atuaria.sites.uff.br\/index.php?rest_route=%2Fwp%2Fv2%2Ftags&post=838"}],"curies":[{"name":"wp","href":"https:\/\/api.w.org\/{rel}","templated":true}]}}