{"id":834,"date":"2016-09-19T17:28:02","date_gmt":"2016-09-19T20:28:02","guid":{"rendered":"http:\/\/atuaria.sites.uff.br\/?page_id=834"},"modified":"2017-07-31T17:41:05","modified_gmt":"2017-07-31T20:41:05","slug":"no-regulamento-4","status":"publish","type":"page","link":"http:\/\/atuaria.sites.uff.br\/?page_id=834","title":{"rendered":"No Regulamento"},"content":{"rendered":"<p>Art. 37 &#8211; A Transfer\u00eancia interinstitucional \u00e9 a vincula\u00e7\u00e3o a curso da UFF de \u00e1rea afim, a ser definida por cada Colegiado de Curso, de aluno matriculado em Institui\u00e7\u00e3o P\u00fablica de Ensino Superior na qual tenha ingressado por processo seletivo.<\/p>\n<p>\u00a7 1\u00ba &#8211; O pedido de transfer\u00eancia interinstitucional deve ser protocolizado junto \u00e0 Ger\u00eancia Plena de Comunica\u00e7\u00f5es Administrativas (GPCA), acompanhado dos seguintes documentos:<\/p>\n<p>a)Requerimento ao Magn\u00edfico Reitor;<\/p>\n<p>b)Declara\u00e7\u00e3o de que o Requerente est\u00e1 matriculado na Institui\u00e7\u00e3o de origem (original e atualizada);<\/p>\n<p>c)Original ou c\u00f3pia autenticada do hist\u00f3rico escolar atualizado;<\/p>\n<p>d)Fluxograma do Curso;<\/p>\n<p>e)Programa(s) da(s) disciplina(s) cursada(s) e atividade(s) cumprida(s);<\/p>\n<p>f)Comprova\u00e7\u00e3o do tipo de ingresso no Sistema P\u00fablico de Ensino Superior; e<\/p>\n<p>g)C\u00f3pia do documento oficial de identidade do Requerente.<\/p>\n<p>\u00a7 2\u00ba &#8211; Na an\u00e1lise do pedido de Transfer\u00eancia Interinstitucional o Colegiado de Curso dever\u00e1 levar em conta o hist\u00f3rico escolar do aluno, bem como a viabilidade de sua integraliza\u00e7\u00e3o curricular dentro do prazo m\u00e1ximo de perman\u00eancia no curso e condicionado \u00e0 disponibilidade de vaga.<\/p>\n<p>\u00a7 3\u00ba &#8211; Caber\u00e1 a cada Colegiado de Curso estabelecer crit\u00e9rios complementares para an\u00e1lise do requerido.<\/p>\n","protected":false},"excerpt":{"rendered":"<p>Art. 37 &#8211; A Transfer\u00eancia interinstitucional \u00e9 a vincula\u00e7\u00e3o a curso da UFF de \u00e1rea afim, a ser definida por cada Colegiado de Curso, de aluno matriculado em Institui\u00e7\u00e3o P\u00fablica de Ensino Superior na qual tenha ingressado por processo seletivo. \u00a7 1\u00ba &#8211; O pedido de transfer\u00eancia interinstitucional deve ser protocolizado junto \u00e0 Ger\u00eancia Plena [&hellip;]<\/p>\n","protected":false},"author":47,"featured_media":0,"parent":0,"menu_order":0,"comment_status":"closed","ping_status":"closed","template":"","meta":{"_exactmetrics_skip_tracking":false,"_exactmetrics_sitenote_active":false,"_exactmetrics_sitenote_note":"","_exactmetrics_sitenote_category":0,"footnotes":""},"categories":[],"tags":[],"class_list":["post-834","page","type-page","status-publish","hentry"],"_links":{"self":[{"href":"http:\/\/atuaria.sites.uff.br\/index.php?rest_route=\/wp\/v2\/pages\/834","targetHints":{"allow":["GET"]}}],"collection":[{"href":"http:\/\/atuaria.sites.uff.br\/index.php?rest_route=\/wp\/v2\/pages"}],"about":[{"href":"http:\/\/atuaria.sites.uff.br\/index.php?rest_route=\/wp\/v2\/types\/page"}],"author":[{"embeddable":true,"href":"http:\/\/atuaria.sites.uff.br\/index.php?rest_route=\/wp\/v2\/users\/47"}],"replies":[{"embeddable":true,"href":"http:\/\/atuaria.sites.uff.br\/index.php?rest_route=%2Fwp%2Fv2%2Fcomments&post=834"}],"version-history":[{"count":3,"href":"http:\/\/atuaria.sites.uff.br\/index.php?rest_route=\/wp\/v2\/pages\/834\/revisions"}],"predecessor-version":[{"id":1203,"href":"http:\/\/atuaria.sites.uff.br\/index.php?rest_route=\/wp\/v2\/pages\/834\/revisions\/1203"}],"wp:attachment":[{"href":"http:\/\/atuaria.sites.uff.br\/index.php?rest_route=%2Fwp%2Fv2%2Fmedia&parent=834"}],"wp:term":[{"taxonomy":"category","embeddable":true,"href":"http:\/\/atuaria.sites.uff.br\/index.php?rest_route=%2Fwp%2Fv2%2Fcategories&post=834"},{"taxonomy":"post_tag","embeddable":true,"href":"http:\/\/atuaria.sites.uff.br\/index.php?rest_route=%2Fwp%2Fv2%2Ftags&post=834"}],"curies":[{"name":"wp","href":"https:\/\/api.w.org\/{rel}","templated":true}]}}