{"id":832,"date":"2016-09-19T17:27:29","date_gmt":"2016-09-19T20:27:29","guid":{"rendered":"http:\/\/atuaria.sites.uff.br\/?page_id=832"},"modified":"2016-09-19T17:29:35","modified_gmt":"2016-09-19T20:29:35","slug":"transferencia-interinstitucional","status":"publish","type":"page","link":"http:\/\/atuaria.sites.uff.br\/?page_id=832","title":{"rendered":"Transfer\u00eancia Interinstitucional"},"content":{"rendered":"<p>\u00c9 a vincula\u00e7\u00e3o, condicionada \u00e0 exist\u00eancia de vagas, concedida ao aluno anteriormente matriculado em institui\u00e7\u00e3o p\u00fablica de ensino superior, onde tenha ingressado por concurso p\u00fablico.<\/p>\n<p>\u25ba <a href=\"http:\/\/atuaria.sites.uff.br\/?page_id=834\">No Regulamento<\/a><\/p>\n<p>\u25ba <a href=\"http:\/\/atuaria.sites.uff.br\/?page_id=836\">Procedimento<\/a><\/p>\n<p>\u25ba <a href=\"http:\/\/atuaria.sites.uff.br\/?page_id=838\">Documenta\u00e7\u00e3o Necess\u00e1ria<\/a><\/p>\n","protected":false},"excerpt":{"rendered":"<p>\u00c9 a vincula\u00e7\u00e3o, condicionada \u00e0 exist\u00eancia de vagas, concedida ao aluno anteriormente matriculado em institui\u00e7\u00e3o p\u00fablica de ensino superior, onde tenha ingressado por concurso p\u00fablico. \u25ba No Regulamento \u25ba Procedimento \u25ba Documenta\u00e7\u00e3o Necess\u00e1ria<\/p>\n","protected":false},"author":47,"featured_media":0,"parent":0,"menu_order":0,"comment_status":"closed","ping_status":"closed","template":"","meta":{"_exactmetrics_skip_tracking":false,"_exactmetrics_sitenote_active":false,"_exactmetrics_sitenote_note":"","_exactmetrics_sitenote_category":0,"footnotes":""},"categories":[],"tags":[],"class_list":["post-832","page","type-page","status-publish","hentry"],"_links":{"self":[{"href":"http:\/\/atuaria.sites.uff.br\/index.php?rest_route=\/wp\/v2\/pages\/832","targetHints":{"allow":["GET"]}}],"collection":[{"href":"http:\/\/atuaria.sites.uff.br\/index.php?rest_route=\/wp\/v2\/pages"}],"about":[{"href":"http:\/\/atuaria.sites.uff.br\/index.php?rest_route=\/wp\/v2\/types\/page"}],"author":[{"embeddable":true,"href":"http:\/\/atuaria.sites.uff.br\/index.php?rest_route=\/wp\/v2\/users\/47"}],"replies":[{"embeddable":true,"href":"http:\/\/atuaria.sites.uff.br\/index.php?rest_route=%2Fwp%2Fv2%2Fcomments&post=832"}],"version-history":[{"count":3,"href":"http:\/\/atuaria.sites.uff.br\/index.php?rest_route=\/wp\/v2\/pages\/832\/revisions"}],"predecessor-version":[{"id":841,"href":"http:\/\/atuaria.sites.uff.br\/index.php?rest_route=\/wp\/v2\/pages\/832\/revisions\/841"}],"wp:attachment":[{"href":"http:\/\/atuaria.sites.uff.br\/index.php?rest_route=%2Fwp%2Fv2%2Fmedia&parent=832"}],"wp:term":[{"taxonomy":"category","embeddable":true,"href":"http:\/\/atuaria.sites.uff.br\/index.php?rest_route=%2Fwp%2Fv2%2Fcategories&post=832"},{"taxonomy":"post_tag","embeddable":true,"href":"http:\/\/atuaria.sites.uff.br\/index.php?rest_route=%2Fwp%2Fv2%2Ftags&post=832"}],"curies":[{"name":"wp","href":"https:\/\/api.w.org\/{rel}","templated":true}]}}