{"id":823,"date":"2016-09-19T17:24:05","date_gmt":"2016-09-19T20:24:05","guid":{"rendered":"http:\/\/atuaria.sites.uff.br\/?page_id=823"},"modified":"2017-07-31T17:39:15","modified_gmt":"2017-07-31T20:39:15","slug":"no-regulamento-3","status":"publish","type":"page","link":"http:\/\/atuaria.sites.uff.br\/?page_id=823","title":{"rendered":"No Regulamento"},"content":{"rendered":"<p>Art. 35 &#8211; A Transfer\u00eancia Facultativa \u00e9 a vincula\u00e7\u00e3o \u00e0 UFF de discente regularmente matriculado em Institui\u00e7\u00e3o de Ensino Superior, mediante aprova\u00e7\u00e3o e classifica\u00e7\u00e3o em concurso p\u00fablico e avalia\u00e7\u00e3o realizada pela Coordena\u00e7\u00e3o de Curso sobre a possibilidade de integraliza\u00e7\u00e3o curricular no prazo m\u00e1ximo estabelecido no projeto pedag\u00f3gico do curso, obedecidos os crit\u00e9rios definidos pela legisla\u00e7\u00e3o pertinente e pelo CEP.<\/p>\n<p>\u00a7 1o &#8211; A inscri\u00e7\u00e3o no concurso de que trata o caput deste artigo somente ser\u00e1 permitida ao candidato que comprovar o cumprimento das exig\u00eancias fixadas na regulamenta\u00e7\u00e3o deste concurso.<\/p>\n<p>\u00a7 2o &#8211; A regulamenta\u00e7\u00e3o para realiza\u00e7\u00e3o do concurso p\u00fablico de que trata este Artigo obedecer\u00e1 ao disposto no Cap\u00edtulo VII do T\u00edtulo I deste Regulamento.<\/p>\n<p>\u00a7 3 o &#8211; A avalia\u00e7\u00e3o da possibilidade de integraliza\u00e7\u00e3o curricular no prazo m\u00e1ximo estabelecido no Projeto Pedag\u00f3gico do curso levar\u00e1 em conta o tempo decorrido desde que iniciou o curso na institui\u00e7\u00e3o de origem, descontando-se o tempo de trancamento de matr\u00edcula que tenha usufru\u00eddo.<\/p>\n<p>Art. 36 &#8211; Uma vez deferido o pedido de Transfer\u00eancia Obrigat\u00f3ria ou aprova\u00e7\u00e3o no concurso de Transfer\u00eancia Facultativa, fica assegurada a matr\u00edcula do discente no curso pleiteado, sendo sua inscri\u00e7\u00e3o nas disciplinas condicionada \u00e0 exist\u00eancia de vaga.<\/p>\n","protected":false},"excerpt":{"rendered":"<p>Art. 35 &#8211; A Transfer\u00eancia Facultativa \u00e9 a vincula\u00e7\u00e3o \u00e0 UFF de discente regularmente matriculado em Institui\u00e7\u00e3o de Ensino Superior, mediante aprova\u00e7\u00e3o e classifica\u00e7\u00e3o em concurso p\u00fablico e avalia\u00e7\u00e3o realizada pela Coordena\u00e7\u00e3o de Curso sobre a possibilidade de integraliza\u00e7\u00e3o curricular no prazo m\u00e1ximo estabelecido no projeto pedag\u00f3gico do curso, obedecidos os crit\u00e9rios definidos pela legisla\u00e7\u00e3o [&hellip;]<\/p>\n","protected":false},"author":47,"featured_media":0,"parent":0,"menu_order":0,"comment_status":"closed","ping_status":"closed","template":"","meta":{"_exactmetrics_skip_tracking":false,"_exactmetrics_sitenote_active":false,"_exactmetrics_sitenote_note":"","_exactmetrics_sitenote_category":0,"footnotes":""},"categories":[],"tags":[],"class_list":["post-823","page","type-page","status-publish","hentry"],"_links":{"self":[{"href":"http:\/\/atuaria.sites.uff.br\/index.php?rest_route=\/wp\/v2\/pages\/823","targetHints":{"allow":["GET"]}}],"collection":[{"href":"http:\/\/atuaria.sites.uff.br\/index.php?rest_route=\/wp\/v2\/pages"}],"about":[{"href":"http:\/\/atuaria.sites.uff.br\/index.php?rest_route=\/wp\/v2\/types\/page"}],"author":[{"embeddable":true,"href":"http:\/\/atuaria.sites.uff.br\/index.php?rest_route=\/wp\/v2\/users\/47"}],"replies":[{"embeddable":true,"href":"http:\/\/atuaria.sites.uff.br\/index.php?rest_route=%2Fwp%2Fv2%2Fcomments&post=823"}],"version-history":[{"count":2,"href":"http:\/\/atuaria.sites.uff.br\/index.php?rest_route=\/wp\/v2\/pages\/823\/revisions"}],"predecessor-version":[{"id":1201,"href":"http:\/\/atuaria.sites.uff.br\/index.php?rest_route=\/wp\/v2\/pages\/823\/revisions\/1201"}],"wp:attachment":[{"href":"http:\/\/atuaria.sites.uff.br\/index.php?rest_route=%2Fwp%2Fv2%2Fmedia&parent=823"}],"wp:term":[{"taxonomy":"category","embeddable":true,"href":"http:\/\/atuaria.sites.uff.br\/index.php?rest_route=%2Fwp%2Fv2%2Fcategories&post=823"},{"taxonomy":"post_tag","embeddable":true,"href":"http:\/\/atuaria.sites.uff.br\/index.php?rest_route=%2Fwp%2Fv2%2Ftags&post=823"}],"curies":[{"name":"wp","href":"https:\/\/api.w.org\/{rel}","templated":true}]}}