{"id":817,"date":"2016-09-19T17:18:26","date_gmt":"2016-09-19T20:18:26","guid":{"rendered":"http:\/\/atuaria.sites.uff.br\/?page_id=817"},"modified":"2016-09-19T17:18:26","modified_gmt":"2016-09-19T20:18:26","slug":"documentacao-necessaria","status":"publish","type":"page","link":"http:\/\/atuaria.sites.uff.br\/?page_id=817","title":{"rendered":"Documenta\u00e7\u00e3o Necess\u00e1ria"},"content":{"rendered":"<p>I.    Requerimento ao Reitor;<\/p>\n<p>II.    C\u00f3pia autenticada do ato de transfer\u00eancia ex-officio ou remo\u00e7\u00e3o, publicado em \u00f3rg\u00e3o oficial de divulga\u00e7\u00e3o;<\/p>\n<p>III.    Declara\u00e7\u00e3o da autoridade maior do \u00f3rg\u00e3o competente constando a remo\u00e7\u00e3o ou transfer\u00eancia ex-officio;<\/p>\n<p>IV.    Hist\u00f3rico escolar atualizado (original ou c\u00f3pia autenticada);<\/p>\n<p>V.    Programas das disciplinas cursadas e atividades cumpridas;<\/p>\n<p>VI.    Declara\u00e7\u00e3o de que o requerente est\u00e1 regularmente matriculado na IES de origem;<\/p>\n<p>VII.    Decreto de Reconhecimento ou Portaria de Autoriza\u00e7\u00e3o do curso na IES de origem;<\/p>\n<p>VIII.    Prova do g\u00eanero da Institui\u00e7\u00e3o, se p\u00fablica ou privada;<\/p>\n<p>IX.    Quando dependente: certid\u00e3o de nascimento, casamento ou outros documentos que caracterizem esta situa\u00e7\u00e3o;<\/p>\n<p>X.    C\u00f3pia de documento oficial de identidade do requerente;<\/p>\n<p>XI.    C\u00f3pia de comprovante de resid\u00eancia atual.<\/p>\n","protected":false},"excerpt":{"rendered":"<p>I. Requerimento ao Reitor; II. C\u00f3pia autenticada do ato de transfer\u00eancia ex-officio ou remo\u00e7\u00e3o, publicado em \u00f3rg\u00e3o oficial de divulga\u00e7\u00e3o; III. Declara\u00e7\u00e3o da autoridade maior do \u00f3rg\u00e3o competente constando a remo\u00e7\u00e3o ou transfer\u00eancia ex-officio; IV. Hist\u00f3rico escolar atualizado (original ou c\u00f3pia autenticada); V. Programas das disciplinas cursadas e atividades cumpridas; VI. Declara\u00e7\u00e3o de que o [&hellip;]<\/p>\n","protected":false},"author":47,"featured_media":0,"parent":0,"menu_order":0,"comment_status":"closed","ping_status":"closed","template":"","meta":{"_exactmetrics_skip_tracking":false,"_exactmetrics_sitenote_active":false,"_exactmetrics_sitenote_note":"","_exactmetrics_sitenote_category":0,"footnotes":""},"categories":[],"tags":[],"class_list":["post-817","page","type-page","status-publish","hentry"],"_links":{"self":[{"href":"http:\/\/atuaria.sites.uff.br\/index.php?rest_route=\/wp\/v2\/pages\/817","targetHints":{"allow":["GET"]}}],"collection":[{"href":"http:\/\/atuaria.sites.uff.br\/index.php?rest_route=\/wp\/v2\/pages"}],"about":[{"href":"http:\/\/atuaria.sites.uff.br\/index.php?rest_route=\/wp\/v2\/types\/page"}],"author":[{"embeddable":true,"href":"http:\/\/atuaria.sites.uff.br\/index.php?rest_route=\/wp\/v2\/users\/47"}],"replies":[{"embeddable":true,"href":"http:\/\/atuaria.sites.uff.br\/index.php?rest_route=%2Fwp%2Fv2%2Fcomments&post=817"}],"version-history":[{"count":1,"href":"http:\/\/atuaria.sites.uff.br\/index.php?rest_route=\/wp\/v2\/pages\/817\/revisions"}],"predecessor-version":[{"id":818,"href":"http:\/\/atuaria.sites.uff.br\/index.php?rest_route=\/wp\/v2\/pages\/817\/revisions\/818"}],"wp:attachment":[{"href":"http:\/\/atuaria.sites.uff.br\/index.php?rest_route=%2Fwp%2Fv2%2Fmedia&parent=817"}],"wp:term":[{"taxonomy":"category","embeddable":true,"href":"http:\/\/atuaria.sites.uff.br\/index.php?rest_route=%2Fwp%2Fv2%2Fcategories&post=817"},{"taxonomy":"post_tag","embeddable":true,"href":"http:\/\/atuaria.sites.uff.br\/index.php?rest_route=%2Fwp%2Fv2%2Ftags&post=817"}],"curies":[{"name":"wp","href":"https:\/\/api.w.org\/{rel}","templated":true}]}}