{"id":813,"date":"2016-09-19T17:17:23","date_gmt":"2016-09-19T20:17:23","guid":{"rendered":"http:\/\/atuaria.sites.uff.br\/?page_id=813"},"modified":"2017-07-31T17:38:09","modified_gmt":"2017-07-31T20:38:09","slug":"no-regulamento-2","status":"publish","type":"page","link":"http:\/\/atuaria.sites.uff.br\/?page_id=813","title":{"rendered":"No Regulamento"},"content":{"rendered":"<p>Art. 34 &#8211; A Transfer\u00eancia Obrigat\u00f3ria \u00e9 a vincula\u00e7\u00e3o do discente oriundo de Institui\u00e7\u00e3o P\u00fablica de Ensino Superior (Lei no 9.536\/97 que regulamentou a Lei no 9.394\/96) \u00e0 UFF, podendo ocorrer independentemente da exist\u00eancia de vaga quando requerida por Servidor P\u00fablico Federal ou membro das For\u00e7as Armadas, ou seus dependentes legais, em raz\u00e3o de comprovada remo\u00e7\u00e3o ou transfer\u00eancia de of\u00edcio que acarrete mudan\u00e7a de domic\u00edlio para o munic\u00edpio onde se situa a UFF ou para localidade pr\u00f3xima, podendo ser requerida em qualquer \u00e9poca do ano. \u00a7 1o &#8211; O in\u00edcio das atividades acad\u00eamicas se dar\u00e1 no primeiro per\u00edodo letivo imediatamente subsequente ao deferimento da transfer\u00eancia, mas ficar\u00e1 condicionado \u00e0 data da solicita\u00e7\u00e3o, de acordo com os prazos estabelecidos pela UFF. \u00a7 2o &#8211; Considerando a exist\u00eancia de cursos de gradua\u00e7\u00e3o nas modalidades presencial e a dist\u00e2ncia na UFF, os pedidos ser\u00e3o analisados obedecendo \u00e0s prioridades abaixo:<\/p>\n<p>a) Mesma modalidade e curso;<\/p>\n<p>b) Mesma modalidade e curso afim;<\/p>\n<p>c) Mesmo curso e modalidade diferente; e<\/p>\n<p>d) Curso afim e modalidade diferente.<\/p>\n<p>27 \u00a7 3 o &#8211; O pedido de Transfer\u00eancia Obrigat\u00f3ria dever\u00e1 ser protocolado junto \u00e0 Ger\u00eancia Plena de Comunica\u00e7\u00f5es Administrativas (GPCA\/AD) da UFF, no prazo m\u00e1ximo de 6 (seis) meses ap\u00f3s a publica\u00e7\u00e3o da remo\u00e7\u00e3o do Servidor P\u00fablico Federal ou membro das For\u00e7as Armadas, que o encaminhar\u00e1 \u00e0 PROGRAD para an\u00e1lise t\u00e9cnica e posterior decis\u00e3o do Reitor.<\/p>\n<p>Art. 36 &#8211; Uma vez deferido o pedido de Transfer\u00eancia Obrigat\u00f3ria ou aprova\u00e7\u00e3o no concurso de Transfer\u00eancia Facultativa, fica assegurada a matr\u00edcula do discente no curso pleiteado, sendo sua inscri\u00e7\u00e3o nas disciplinas condicionada \u00e0 exist\u00eancia de vaga<\/p>\n","protected":false},"excerpt":{"rendered":"<p>Art. 34 &#8211; A Transfer\u00eancia Obrigat\u00f3ria \u00e9 a vincula\u00e7\u00e3o do discente oriundo de Institui\u00e7\u00e3o P\u00fablica de Ensino Superior (Lei no 9.536\/97 que regulamentou a Lei no 9.394\/96) \u00e0 UFF, podendo ocorrer independentemente da exist\u00eancia de vaga quando requerida por Servidor P\u00fablico Federal ou membro das For\u00e7as Armadas, ou seus dependentes legais, em raz\u00e3o de comprovada [&hellip;]<\/p>\n","protected":false},"author":47,"featured_media":0,"parent":0,"menu_order":0,"comment_status":"closed","ping_status":"closed","template":"","meta":{"_exactmetrics_skip_tracking":false,"_exactmetrics_sitenote_active":false,"_exactmetrics_sitenote_note":"","_exactmetrics_sitenote_category":0,"footnotes":""},"categories":[],"tags":[],"class_list":["post-813","page","type-page","status-publish","hentry"],"_links":{"self":[{"href":"http:\/\/atuaria.sites.uff.br\/index.php?rest_route=\/wp\/v2\/pages\/813","targetHints":{"allow":["GET"]}}],"collection":[{"href":"http:\/\/atuaria.sites.uff.br\/index.php?rest_route=\/wp\/v2\/pages"}],"about":[{"href":"http:\/\/atuaria.sites.uff.br\/index.php?rest_route=\/wp\/v2\/types\/page"}],"author":[{"embeddable":true,"href":"http:\/\/atuaria.sites.uff.br\/index.php?rest_route=\/wp\/v2\/users\/47"}],"replies":[{"embeddable":true,"href":"http:\/\/atuaria.sites.uff.br\/index.php?rest_route=%2Fwp%2Fv2%2Fcomments&post=813"}],"version-history":[{"count":4,"href":"http:\/\/atuaria.sites.uff.br\/index.php?rest_route=\/wp\/v2\/pages\/813\/revisions"}],"predecessor-version":[{"id":1200,"href":"http:\/\/atuaria.sites.uff.br\/index.php?rest_route=\/wp\/v2\/pages\/813\/revisions\/1200"}],"wp:attachment":[{"href":"http:\/\/atuaria.sites.uff.br\/index.php?rest_route=%2Fwp%2Fv2%2Fmedia&parent=813"}],"wp:term":[{"taxonomy":"category","embeddable":true,"href":"http:\/\/atuaria.sites.uff.br\/index.php?rest_route=%2Fwp%2Fv2%2Fcategories&post=813"},{"taxonomy":"post_tag","embeddable":true,"href":"http:\/\/atuaria.sites.uff.br\/index.php?rest_route=%2Fwp%2Fv2%2Ftags&post=813"}],"curies":[{"name":"wp","href":"https:\/\/api.w.org\/{rel}","templated":true}]}}