{"id":794,"date":"2016-09-19T16:46:13","date_gmt":"2016-09-19T19:46:13","guid":{"rendered":"http:\/\/atuaria.sites.uff.br\/?page_id=794"},"modified":"2017-08-14T17:52:09","modified_gmt":"2017-08-14T20:52:09","slug":"revinculacao","status":"publish","type":"page","link":"http:\/\/atuaria.sites.uff.br\/?page_id=794","title":{"rendered":"REVINCULA\u00c7\u00c3O"},"content":{"rendered":"<p><strong>Descri\u00e7\u00e3o<\/strong><\/p>\n<p>\u00c9 o ingresso em uma nova titula\u00e7\u00e3o, habilita\u00e7\u00e3o e \u00eanfase oferecidas pelo respectivo Curso, ou em novo Curso de Gradua\u00e7\u00e3o de \u00e1rea afim.<\/p>\n<p>Aten\u00e7\u00e3o: o aluno que optar pela revincula\u00e7\u00e3o dever\u00e1 fazer o requerimento no semestre em que concluir\u00e1 o curso atual.<\/p>\n<p><strong>OBS:<\/strong> Nesta modalidade o interessado dever\u00e1 protocolar processo administrativo.<\/p>\n<p>Caso queira mais informa\u00e7\u00f5es, entre em contato com a Coordena\u00e7\u00e3o de Curso.<strong><\/strong><\/p>\n<p><a href=\"http:\/\/www.uff.br\/?q=admissao-aos-cursos-de-graduacao\" target=\"_blank\">Link<\/a><\/p>\n<p><strong>Regulamento de\u00a0admiss\u00e3o\u00a0aos cursos de gradua\u00e7\u00e3o<\/strong><\/p>\n<p>\u25ba <a href=\"http:\/\/atuaria.sites.uff.br\/?page_id=872\">No Regulamento<\/a><\/p>\n<p>\u25ba <a href=\"http:\/\/atuaria.sites.uff.br\/?page_id=874\">Procedimento<\/a><\/p>\n<p>\u25ba <a href=\"http:\/\/atuaria.sites.uff.br\/?page_id=876\">Documenta\u00e7\u00e3o Necess\u00e1ria<\/a><\/p>\n","protected":false},"excerpt":{"rendered":"<p>Descri\u00e7\u00e3o \u00c9 o ingresso em uma nova titula\u00e7\u00e3o, habilita\u00e7\u00e3o e \u00eanfase oferecidas pelo respectivo Curso, ou em novo Curso de Gradua\u00e7\u00e3o de \u00e1rea afim. Aten\u00e7\u00e3o: o aluno que optar pela revincula\u00e7\u00e3o dever\u00e1 fazer o requerimento no semestre em que concluir\u00e1 o curso atual. OBS: Nesta modalidade o interessado dever\u00e1 protocolar processo administrativo. Caso queira mais [&hellip;]<\/p>\n","protected":false},"author":47,"featured_media":0,"parent":0,"menu_order":0,"comment_status":"closed","ping_status":"closed","template":"","meta":{"_exactmetrics_skip_tracking":false,"_exactmetrics_sitenote_active":false,"_exactmetrics_sitenote_note":"","_exactmetrics_sitenote_category":0,"footnotes":""},"categories":[],"tags":[],"class_list":["post-794","page","type-page","status-publish","hentry"],"_links":{"self":[{"href":"http:\/\/atuaria.sites.uff.br\/index.php?rest_route=\/wp\/v2\/pages\/794","targetHints":{"allow":["GET"]}}],"collection":[{"href":"http:\/\/atuaria.sites.uff.br\/index.php?rest_route=\/wp\/v2\/pages"}],"about":[{"href":"http:\/\/atuaria.sites.uff.br\/index.php?rest_route=\/wp\/v2\/types\/page"}],"author":[{"embeddable":true,"href":"http:\/\/atuaria.sites.uff.br\/index.php?rest_route=\/wp\/v2\/users\/47"}],"replies":[{"embeddable":true,"href":"http:\/\/atuaria.sites.uff.br\/index.php?rest_route=%2Fwp%2Fv2%2Fcomments&post=794"}],"version-history":[{"count":4,"href":"http:\/\/atuaria.sites.uff.br\/index.php?rest_route=\/wp\/v2\/pages\/794\/revisions"}],"predecessor-version":[{"id":1294,"href":"http:\/\/atuaria.sites.uff.br\/index.php?rest_route=\/wp\/v2\/pages\/794\/revisions\/1294"}],"wp:attachment":[{"href":"http:\/\/atuaria.sites.uff.br\/index.php?rest_route=%2Fwp%2Fv2%2Fmedia&parent=794"}],"wp:term":[{"taxonomy":"category","embeddable":true,"href":"http:\/\/atuaria.sites.uff.br\/index.php?rest_route=%2Fwp%2Fv2%2Fcategories&post=794"},{"taxonomy":"post_tag","embeddable":true,"href":"http:\/\/atuaria.sites.uff.br\/index.php?rest_route=%2Fwp%2Fv2%2Ftags&post=794"}],"curies":[{"name":"wp","href":"https:\/\/api.w.org\/{rel}","templated":true}]}}