{"id":792,"date":"2016-09-19T16:45:42","date_gmt":"2016-09-19T19:45:42","guid":{"rendered":"http:\/\/atuaria.sites.uff.br\/?page_id=792"},"modified":"2017-08-14T17:53:22","modified_gmt":"2017-08-14T20:53:22","slug":"rematricula","status":"publish","type":"page","link":"http:\/\/atuaria.sites.uff.br\/?page_id=792","title":{"rendered":"REMATR\u00cdCULA"},"content":{"rendered":"<p><strong>Descri\u00e7\u00e3o<\/strong><\/p>\n<p>A rematr\u00edcula s\u00f3 \u00e9 permitida para alunos que foram desvinculados por Cancelamento por Insufici\u00eancia de Aproveitamento, Cancelamento por Abandono ou Desdobramento Interrompido.<\/p>\n<p><strong>Regulamento de\u00a0admiss\u00e3o\u00a0aos cursos de gradua\u00e7\u00e3o<\/strong><\/p>\n<p>\u25ba <a href=\"http:\/\/atuaria.sites.uff.br\/?page_id=864\">No Regulamento<\/a><\/p>\n<p>\u25ba <a href=\"http:\/\/atuaria.sites.uff.br\/?page_id=866\">Procedimento<\/a><\/p>\n<p>\u25ba <a href=\"http:\/\/atuaria.sites.uff.br\/?page_id=868\">Documenta\u00e7\u00e3o Necess\u00e1ria<\/a><\/p>\n","protected":false},"excerpt":{"rendered":"<p>Descri\u00e7\u00e3o A rematr\u00edcula s\u00f3 \u00e9 permitida para alunos que foram desvinculados por Cancelamento por Insufici\u00eancia de Aproveitamento, Cancelamento por Abandono ou Desdobramento Interrompido. Regulamento de\u00a0admiss\u00e3o\u00a0aos cursos de gradua\u00e7\u00e3o \u25ba No Regulamento \u25ba Procedimento \u25ba Documenta\u00e7\u00e3o Necess\u00e1ria<\/p>\n","protected":false},"author":47,"featured_media":0,"parent":0,"menu_order":0,"comment_status":"closed","ping_status":"closed","template":"","meta":{"_exactmetrics_skip_tracking":false,"_exactmetrics_sitenote_active":false,"_exactmetrics_sitenote_note":"","_exactmetrics_sitenote_category":0,"footnotes":""},"categories":[],"tags":[],"class_list":["post-792","page","type-page","status-publish","hentry"],"_links":{"self":[{"href":"http:\/\/atuaria.sites.uff.br\/index.php?rest_route=\/wp\/v2\/pages\/792","targetHints":{"allow":["GET"]}}],"collection":[{"href":"http:\/\/atuaria.sites.uff.br\/index.php?rest_route=\/wp\/v2\/pages"}],"about":[{"href":"http:\/\/atuaria.sites.uff.br\/index.php?rest_route=\/wp\/v2\/types\/page"}],"author":[{"embeddable":true,"href":"http:\/\/atuaria.sites.uff.br\/index.php?rest_route=\/wp\/v2\/users\/47"}],"replies":[{"embeddable":true,"href":"http:\/\/atuaria.sites.uff.br\/index.php?rest_route=%2Fwp%2Fv2%2Fcomments&post=792"}],"version-history":[{"count":3,"href":"http:\/\/atuaria.sites.uff.br\/index.php?rest_route=\/wp\/v2\/pages\/792\/revisions"}],"predecessor-version":[{"id":1295,"href":"http:\/\/atuaria.sites.uff.br\/index.php?rest_route=\/wp\/v2\/pages\/792\/revisions\/1295"}],"wp:attachment":[{"href":"http:\/\/atuaria.sites.uff.br\/index.php?rest_route=%2Fwp%2Fv2%2Fmedia&parent=792"}],"wp:term":[{"taxonomy":"category","embeddable":true,"href":"http:\/\/atuaria.sites.uff.br\/index.php?rest_route=%2Fwp%2Fv2%2Fcategories&post=792"},{"taxonomy":"post_tag","embeddable":true,"href":"http:\/\/atuaria.sites.uff.br\/index.php?rest_route=%2Fwp%2Fv2%2Ftags&post=792"}],"curies":[{"name":"wp","href":"https:\/\/api.w.org\/{rel}","templated":true}]}}