{"id":790,"date":"2016-09-19T16:45:20","date_gmt":"2016-09-19T19:45:20","guid":{"rendered":"http:\/\/atuaria.sites.uff.br\/?page_id=790"},"modified":"2017-08-14T17:45:49","modified_gmt":"2017-08-14T20:45:49","slug":"mudanca-de-curso","status":"publish","type":"page","link":"http:\/\/atuaria.sites.uff.br\/?page_id=790","title":{"rendered":"MUDAN\u00c7A DE CURSO"},"content":{"rendered":"<p><strong>Descri\u00e7\u00e3o<\/strong><\/p>\n<p>\u00c9 permitido ao aluno mudar de curso ap\u00f3s ter conclu\u00eddo com aproveitamento pelo menos 300 (trezentas) horas de disciplinas ou atividades obrigat\u00f3rias no curso de origem. O aluno pode candidatar-se a concurso interno, regulamentado por edital espec\u00edfico e condicionado \u00e0 exist\u00eancia de vagas.<\/p>\n<p>A Mudan\u00e7a de Curso s\u00f3 pode ocorrer uma vez e \u00e9 permitida aos alunos que ingressaram por meio do Vestibular e Transfer\u00eancia.<\/p>\n<p><strong>Mais informa\u00e7\u00f5es:<\/strong> <a href=\"http:\/\/www.coseac.uff.br\/formasdeingresso.htm\" target=\"_blank\">COSEAC<\/a><\/p>\n<p><a href=\"http:\/\/www.uff.br\/?q=admissao-aos-cursos-de-graduacao\" target=\"_blank\">Link<\/a><\/p>\n<p><strong>Regulamento de\u00a0admiss\u00e3o\u00a0aos cursos de gradua\u00e7\u00e3o<\/strong><\/p>\n<p>Procedimento facultado ao aluno de Curso de Gradua\u00e7\u00e3o da UFF pelo qual, atrav\u00e9s de aprova\u00e7\u00e3o e classifica\u00e7\u00e3o em concurso interno, lhe \u00e9 permitido o ingresso em outro Curso de Gradua\u00e7\u00e3o desta Universidade, desde que n\u00e3o se encontre em processo de Rematr\u00edcula.<\/p>\n<p>\u25ba <a href=\"http:\/\/atuaria.sites.uff.br\/?page_id=859\">No Regulamento<\/a><\/p>\n<p>\u25ba <a href=\"http:\/\/atuaria.sites.uff.br\/?page_id=861\">Procedimento<\/a><\/p>\n","protected":false},"excerpt":{"rendered":"<p>Descri\u00e7\u00e3o \u00c9 permitido ao aluno mudar de curso ap\u00f3s ter conclu\u00eddo com aproveitamento pelo menos 300 (trezentas) horas de disciplinas ou atividades obrigat\u00f3rias no curso de origem. O aluno pode candidatar-se a concurso interno, regulamentado por edital espec\u00edfico e condicionado \u00e0 exist\u00eancia de vagas. A Mudan\u00e7a de Curso s\u00f3 pode ocorrer uma vez e \u00e9 [&hellip;]<\/p>\n","protected":false},"author":47,"featured_media":0,"parent":0,"menu_order":0,"comment_status":"closed","ping_status":"closed","template":"","meta":{"_exactmetrics_skip_tracking":false,"_exactmetrics_sitenote_active":false,"_exactmetrics_sitenote_note":"","_exactmetrics_sitenote_category":0,"footnotes":""},"categories":[],"tags":[],"class_list":["post-790","page","type-page","status-publish","hentry"],"_links":{"self":[{"href":"http:\/\/atuaria.sites.uff.br\/index.php?rest_route=\/wp\/v2\/pages\/790","targetHints":{"allow":["GET"]}}],"collection":[{"href":"http:\/\/atuaria.sites.uff.br\/index.php?rest_route=\/wp\/v2\/pages"}],"about":[{"href":"http:\/\/atuaria.sites.uff.br\/index.php?rest_route=\/wp\/v2\/types\/page"}],"author":[{"embeddable":true,"href":"http:\/\/atuaria.sites.uff.br\/index.php?rest_route=\/wp\/v2\/users\/47"}],"replies":[{"embeddable":true,"href":"http:\/\/atuaria.sites.uff.br\/index.php?rest_route=%2Fwp%2Fv2%2Fcomments&post=790"}],"version-history":[{"count":5,"href":"http:\/\/atuaria.sites.uff.br\/index.php?rest_route=\/wp\/v2\/pages\/790\/revisions"}],"predecessor-version":[{"id":1293,"href":"http:\/\/atuaria.sites.uff.br\/index.php?rest_route=\/wp\/v2\/pages\/790\/revisions\/1293"}],"wp:attachment":[{"href":"http:\/\/atuaria.sites.uff.br\/index.php?rest_route=%2Fwp%2Fv2%2Fmedia&parent=790"}],"wp:term":[{"taxonomy":"category","embeddable":true,"href":"http:\/\/atuaria.sites.uff.br\/index.php?rest_route=%2Fwp%2Fv2%2Fcategories&post=790"},{"taxonomy":"post_tag","embeddable":true,"href":"http:\/\/atuaria.sites.uff.br\/index.php?rest_route=%2Fwp%2Fv2%2Ftags&post=790"}],"curies":[{"name":"wp","href":"https:\/\/api.w.org\/{rel}","templated":true}]}}