{"id":788,"date":"2016-09-19T16:44:53","date_gmt":"2016-09-19T19:44:53","guid":{"rendered":"http:\/\/atuaria.sites.uff.br\/?page_id=788"},"modified":"2017-08-14T17:43:30","modified_gmt":"2017-08-14T20:43:30","slug":"reingresso","status":"publish","type":"page","link":"http:\/\/atuaria.sites.uff.br\/?page_id=788","title":{"rendered":"REINGRESSO"},"content":{"rendered":"<p><strong>Descri\u00e7\u00e3o<\/strong><\/p>\n<p>\u00c9 o retorno \u00e0s atividades escolares, concedido a portadores de diploma de curso de gradua\u00e7\u00e3o, para obten\u00e7\u00e3o de nova titula\u00e7\u00e3o ou habilita\u00e7\u00e3o, por meio de concurso p\u00fablico regulamentado por editais espec\u00edficos e condicionado \u00e0 exist\u00eancia de vagas.<\/p>\n<p><strong>Mais informa\u00e7\u00f5es:<\/strong> <a href=\"http:\/\/www.coseac.uff.br\/formasdeingresso.htm\" target=\"_blank\">COSEAC<\/a><\/p>\n<p><a href=\"http:\/\/www.uff.br\/?q=admissao-aos-cursos-de-graduacao\" target=\"_blank\">Link<\/a><\/p>\n<p><strong>Regulamento de\u00a0admiss\u00e3o\u00a0aos cursos de gradua\u00e7\u00e3o<\/strong><\/p>\n<p>\u25ba <a href=\"http:\/\/atuaria.sites.uff.br\/?page_id=854\">No Regulamento<\/a><\/p>\n<p>\u25ba <a href=\"http:\/\/atuaria.sites.uff.br\/?page_id=856\">Procedimento<\/a><\/p>\n","protected":false},"excerpt":{"rendered":"<p>Descri\u00e7\u00e3o \u00c9 o retorno \u00e0s atividades escolares, concedido a portadores de diploma de curso de gradua\u00e7\u00e3o, para obten\u00e7\u00e3o de nova titula\u00e7\u00e3o ou habilita\u00e7\u00e3o, por meio de concurso p\u00fablico regulamentado por editais espec\u00edficos e condicionado \u00e0 exist\u00eancia de vagas. Mais informa\u00e7\u00f5es: COSEAC Link Regulamento de\u00a0admiss\u00e3o\u00a0aos cursos de gradua\u00e7\u00e3o \u25ba No Regulamento \u25ba Procedimento<\/p>\n","protected":false},"author":47,"featured_media":0,"parent":0,"menu_order":0,"comment_status":"closed","ping_status":"closed","template":"","meta":{"_exactmetrics_skip_tracking":false,"_exactmetrics_sitenote_active":false,"_exactmetrics_sitenote_note":"","_exactmetrics_sitenote_category":0,"footnotes":""},"categories":[],"tags":[],"class_list":["post-788","page","type-page","status-publish","hentry"],"_links":{"self":[{"href":"http:\/\/atuaria.sites.uff.br\/index.php?rest_route=\/wp\/v2\/pages\/788","targetHints":{"allow":["GET"]}}],"collection":[{"href":"http:\/\/atuaria.sites.uff.br\/index.php?rest_route=\/wp\/v2\/pages"}],"about":[{"href":"http:\/\/atuaria.sites.uff.br\/index.php?rest_route=\/wp\/v2\/types\/page"}],"author":[{"embeddable":true,"href":"http:\/\/atuaria.sites.uff.br\/index.php?rest_route=\/wp\/v2\/users\/47"}],"replies":[{"embeddable":true,"href":"http:\/\/atuaria.sites.uff.br\/index.php?rest_route=%2Fwp%2Fv2%2Fcomments&post=788"}],"version-history":[{"count":6,"href":"http:\/\/atuaria.sites.uff.br\/index.php?rest_route=\/wp\/v2\/pages\/788\/revisions"}],"predecessor-version":[{"id":1291,"href":"http:\/\/atuaria.sites.uff.br\/index.php?rest_route=\/wp\/v2\/pages\/788\/revisions\/1291"}],"wp:attachment":[{"href":"http:\/\/atuaria.sites.uff.br\/index.php?rest_route=%2Fwp%2Fv2%2Fmedia&parent=788"}],"wp:term":[{"taxonomy":"category","embeddable":true,"href":"http:\/\/atuaria.sites.uff.br\/index.php?rest_route=%2Fwp%2Fv2%2Fcategories&post=788"},{"taxonomy":"post_tag","embeddable":true,"href":"http:\/\/atuaria.sites.uff.br\/index.php?rest_route=%2Fwp%2Fv2%2Ftags&post=788"}],"curies":[{"name":"wp","href":"https:\/\/api.w.org\/{rel}","templated":true}]}}