{"id":782,"date":"2016-09-19T16:41:27","date_gmt":"2016-09-19T19:41:27","guid":{"rendered":"http:\/\/atuaria.sites.uff.br\/?page_id=782"},"modified":"2017-08-23T17:28:04","modified_gmt":"2017-08-23T20:28:04","slug":"sisu-2","status":"publish","type":"page","link":"http:\/\/atuaria.sites.uff.br\/?page_id=782","title":{"rendered":"Acesso Inicial \u00e0 Gradua\u00e7\u00e3o"},"content":{"rendered":"<p><strong>SiSU &#8211; Sistema de Sele\u00e7\u00e3o Unificado<\/strong><\/p>\n<p>O ingresso pelo SiSU \u00e9 garantido e facultado ao candidato que tenha conclu\u00eddo o ensino m\u00e9dio. O estudante deve ter realizado o ENEM &#8211; Exame Nacional do Ensino M\u00e9dio, e se inscrever para concorrer a uma das vagas por meio do SiSU.<\/p>\n<p>Mais informa\u00e7\u00f5es podem ser encontradas nos sites do\u00a0<a href=\"http:\/\/enem.inep.gov.br\/\" target=\"_blank\">ENEM<\/a>, do\u00a0<a href=\"http:\/\/sisu.mec.gov.br\/\" target=\"_blank\">SiSU<\/a>\u00a0e da\u00a0<a href=\"http:\/\/www.coseac.uff.br\/2016\/\">C<\/a><a href=\"http:\/\/www.coseac.uff.br\/2016\/\">OSEAC.<\/a><\/p>\n<p><a href=\"http:\/\/www.coseac.uff.br\/2016\/\" target=\"_blank\">Todas as informa\u00e7\u00f5es relativas ao SiSU devem ser obtidas na p\u00e1gina da Coseac<\/a><\/p>\n<p><a href=\"http:\/\/www.uff.br\/?q=admissao-aos-cursos-de-graduacao\" target=\"_blank\">Link<\/a><\/p>\n<p><strong>Regulamento de\u00a0admiss\u00e3o\u00a0aos cursos de gradua\u00e7\u00e3o<\/strong><\/p>\n<p><strong>Art. 32<\/strong> &#8211; O ingresso atrav\u00e9s da sele\u00e7\u00e3o para o acesso inicial \u00e0 gradua\u00e7\u00e3o \u00e9 garantido e facultado ao candidato que, tendo conclu\u00eddo o Ensino M\u00e9dio e se submetido \u00e0 concurso p\u00fablico realizado pela UFF ou institui\u00e7\u00e3o por ela autorizada, tenha sido aprovado e obtido classifica\u00e7\u00e3o dentro do n\u00famero de vagas em cada turno oferecido para o curso pretendido.<\/p>\n","protected":false},"excerpt":{"rendered":"<p>SiSU &#8211; Sistema de Sele\u00e7\u00e3o Unificado O ingresso pelo SiSU \u00e9 garantido e facultado ao candidato que tenha conclu\u00eddo o ensino m\u00e9dio. O estudante deve ter realizado o ENEM &#8211; Exame Nacional do Ensino M\u00e9dio, e se inscrever para concorrer a uma das vagas por meio do SiSU. Mais informa\u00e7\u00f5es podem ser encontradas nos sites [&hellip;]<\/p>\n","protected":false},"author":47,"featured_media":0,"parent":0,"menu_order":0,"comment_status":"closed","ping_status":"closed","template":"","meta":{"_exactmetrics_skip_tracking":false,"_exactmetrics_sitenote_active":false,"_exactmetrics_sitenote_note":"","_exactmetrics_sitenote_category":0,"footnotes":""},"categories":[],"tags":[],"class_list":["post-782","page","type-page","status-publish","hentry"],"_links":{"self":[{"href":"http:\/\/atuaria.sites.uff.br\/index.php?rest_route=\/wp\/v2\/pages\/782","targetHints":{"allow":["GET"]}}],"collection":[{"href":"http:\/\/atuaria.sites.uff.br\/index.php?rest_route=\/wp\/v2\/pages"}],"about":[{"href":"http:\/\/atuaria.sites.uff.br\/index.php?rest_route=\/wp\/v2\/types\/page"}],"author":[{"embeddable":true,"href":"http:\/\/atuaria.sites.uff.br\/index.php?rest_route=\/wp\/v2\/users\/47"}],"replies":[{"embeddable":true,"href":"http:\/\/atuaria.sites.uff.br\/index.php?rest_route=%2Fwp%2Fv2%2Fcomments&post=782"}],"version-history":[{"count":9,"href":"http:\/\/atuaria.sites.uff.br\/index.php?rest_route=\/wp\/v2\/pages\/782\/revisions"}],"predecessor-version":[{"id":1344,"href":"http:\/\/atuaria.sites.uff.br\/index.php?rest_route=\/wp\/v2\/pages\/782\/revisions\/1344"}],"wp:attachment":[{"href":"http:\/\/atuaria.sites.uff.br\/index.php?rest_route=%2Fwp%2Fv2%2Fmedia&parent=782"}],"wp:term":[{"taxonomy":"category","embeddable":true,"href":"http:\/\/atuaria.sites.uff.br\/index.php?rest_route=%2Fwp%2Fv2%2Fcategories&post=782"},{"taxonomy":"post_tag","embeddable":true,"href":"http:\/\/atuaria.sites.uff.br\/index.php?rest_route=%2Fwp%2Fv2%2Ftags&post=782"}],"curies":[{"name":"wp","href":"https:\/\/api.w.org\/{rel}","templated":true}]}}