{"id":779,"date":"2016-09-19T16:38:06","date_gmt":"2016-09-19T19:38:06","guid":{"rendered":"http:\/\/atuaria.sites.uff.br\/?page_id=779"},"modified":"2017-08-14T18:14:18","modified_gmt":"2017-08-14T21:14:18","slug":"formas-de-ingresso","status":"publish","type":"page","link":"http:\/\/atuaria.sites.uff.br\/?page_id=779","title":{"rendered":"FORMAS DE INGRESSO"},"content":{"rendered":"<h4><a href=\"http:\/\/atuaria.sites.uff.br\/?page_id=782\">Acesso Inicial \u00e0 Gradua\u00e7\u00e3o\u00a0<\/a><\/h4>\n<h4><a href=\"http:\/\/atuaria.sites.uff.br\/?page_id=786\">Transfer\u00eancia<\/a><\/h4>\n<h4><a href=\"http:\/\/atuaria.sites.uff.br\/?page_id=788\">Reingresso<\/a><\/h4>\n<h4><a href=\"http:\/\/atuaria.sites.uff.br\/?page_id=790\">Mudan\u00e7a de Curso ou de Localidade\u00a0(Sede e fora da Sede)<\/a><\/h4>\n<h4><a href=\"http:\/\/atuaria.sites.uff.br\/?page_id=792\">Rematr\u00edcula<\/a><\/h4>\n<h4><a href=\"http:\/\/atuaria.sites.uff.br\/?page_id=794\">Mudan\u00e7a de Habilita\u00e7\u00e3o\/\u00canfase<\/a><\/h4>\n<h4><a href=\"http:\/\/atuaria.sites.uff.br\/?page_id=796\">Programa de Estudantes \u2013 Conv\u00eanio de Gradua\u00e7\u00e3o (PEC-G). \u00a0<\/a><\/h4>\n<h4><a href=\"http:\/\/atuaria.sites.uff.br\/?page_id=1299\" target=\"_blank\">Ingresso Especial<\/a><\/h4>\n<h4><a href=\"http:\/\/atuaria.sites.uff.br\/?page_id=1306\" target=\"_blank\">Mobilidade Acad\u00eamica- Nacional<\/a><\/h4>\n","protected":false},"excerpt":{"rendered":"<p>Acesso Inicial \u00e0 Gradua\u00e7\u00e3o\u00a0 Transfer\u00eancia Reingresso Mudan\u00e7a de Curso ou de Localidade\u00a0(Sede e fora da Sede) Rematr\u00edcula Mudan\u00e7a de Habilita\u00e7\u00e3o\/\u00canfase Programa de Estudantes \u2013 Conv\u00eanio de Gradua\u00e7\u00e3o (PEC-G). \u00a0 Ingresso Especial Mobilidade Acad\u00eamica- Nacional<\/p>\n","protected":false},"author":47,"featured_media":0,"parent":0,"menu_order":0,"comment_status":"closed","ping_status":"closed","template":"","meta":{"_exactmetrics_skip_tracking":false,"_exactmetrics_sitenote_active":false,"_exactmetrics_sitenote_note":"","_exactmetrics_sitenote_category":0,"footnotes":""},"categories":[],"tags":[],"class_list":["post-779","page","type-page","status-publish","hentry"],"_links":{"self":[{"href":"http:\/\/atuaria.sites.uff.br\/index.php?rest_route=\/wp\/v2\/pages\/779","targetHints":{"allow":["GET"]}}],"collection":[{"href":"http:\/\/atuaria.sites.uff.br\/index.php?rest_route=\/wp\/v2\/pages"}],"about":[{"href":"http:\/\/atuaria.sites.uff.br\/index.php?rest_route=\/wp\/v2\/types\/page"}],"author":[{"embeddable":true,"href":"http:\/\/atuaria.sites.uff.br\/index.php?rest_route=\/wp\/v2\/users\/47"}],"replies":[{"embeddable":true,"href":"http:\/\/atuaria.sites.uff.br\/index.php?rest_route=%2Fwp%2Fv2%2Fcomments&post=779"}],"version-history":[{"count":15,"href":"http:\/\/atuaria.sites.uff.br\/index.php?rest_route=\/wp\/v2\/pages\/779\/revisions"}],"predecessor-version":[{"id":1211,"href":"http:\/\/atuaria.sites.uff.br\/index.php?rest_route=\/wp\/v2\/pages\/779\/revisions\/1211"}],"wp:attachment":[{"href":"http:\/\/atuaria.sites.uff.br\/index.php?rest_route=%2Fwp%2Fv2%2Fmedia&parent=779"}],"wp:term":[{"taxonomy":"category","embeddable":true,"href":"http:\/\/atuaria.sites.uff.br\/index.php?rest_route=%2Fwp%2Fv2%2Fcategories&post=779"},{"taxonomy":"post_tag","embeddable":true,"href":"http:\/\/atuaria.sites.uff.br\/index.php?rest_route=%2Fwp%2Fv2%2Ftags&post=779"}],"curies":[{"name":"wp","href":"https:\/\/api.w.org\/{rel}","templated":true}]}}