{"id":531,"date":"2016-08-29T12:56:10","date_gmt":"2016-08-29T15:56:10","guid":{"rendered":"http:\/\/atuaria.sites.uff.br\/?page_id=531"},"modified":"2025-05-20T21:06:39","modified_gmt":"2025-05-21T00:06:39","slug":"extensao-2","status":"publish","type":"page","link":"http:\/\/atuaria.sites.uff.br\/?page_id=531","title":{"rendered":"EXTENS\u00c3O"},"content":{"rendered":"\n<h5 class=\"wp-block-heading\"><strong><a href=\"https:\/\/atuaria.sites.uff.br\/?p=2594\">Acervo Documental da EST<\/a><\/strong><\/h5>\n\n\n\n<hr class=\"wp-block-separator has-text-color has-background has-white-background-color has-white-color is-style-default\" \/>\n\n\n\n<h5 class=\"wp-block-heading\"><strong><a href=\"https:\/\/atuaria.sites.uff.br\/?p=2597\">Atu\u00e1ria em Perspectiva<\/a><\/strong><\/h5>\n\n\n\n<hr class=\"wp-block-separator has-text-color has-background has-white-background-color has-white-color is-style-default\" \/>\n\n\n\n<h5 class=\"wp-block-heading\"><strong><a href=\"https:\/\/atuaria.sites.uff.br\/?p=2603\">Avalia\u00e7\u00e3o para Viabilidade Financeira nas Entidades<\/a><\/strong><\/h5>\n\n\n\n<hr class=\"wp-block-separator has-text-color has-background has-white-background-color has-white-color is-style-default\" \/>\n\n\n\n<h5 class=\"wp-block-heading\"><strong><a href=\"https:\/\/atuaria.sites.uff.br\/?p=2609\">Ciclo de Eventos<\/a><\/strong><\/h5>\n\n\n\n<hr class=\"wp-block-separator has-text-color has-background has-white-background-color has-white-color is-style-default\" \/>\n\n\n\n<h5 class=\"wp-block-heading\"><strong><a href=\"https:\/\/atuaria.sites.uff.br\/?p=2614\">Compondo Indicadores de Qualidade na Gradua\u00e7\u00e3o<\/a><\/strong><\/h5>\n\n\n\n<hr class=\"wp-block-separator has-text-color has-background has-white-background-color has-white-color is-style-default\" \/>\n\n\n\n<h5 class=\"wp-block-heading\"><strong><a href=\"https:\/\/atuaria.sites.uff.br\/?p=2619\">Conhecimento e A\u00e7\u00e3o: Medidas de Preven\u00e7\u00e3o ao Superendividamento<\/a><\/strong><\/h5>\n\n\n\n<hr class=\"wp-block-separator has-text-color has-background has-white-background-color has-white-color is-style-default\" \/>\n\n\n\n<h5 class=\"wp-block-heading\"><strong><a href=\"https:\/\/atuaria.sites.uff.br\/?p=2624\">Covid-19 e os Impactos na Estrutura Social e Atuarial no Brasil e seus Desdobramentos no Mundo<\/a><\/strong><\/h5>\n\n\n\n<hr class=\"wp-block-separator has-text-color has-background has-white-background-color has-white-color is-style-default\" \/>\n\n\n\n<h5 class=\"wp-block-heading\"><strong><a href=\"https:\/\/atuaria.sites.uff.br\/?p=2628\">Escola de Educa\u00e7\u00e3o Financeira da UFF<\/a><\/strong><\/h5>\n\n\n\n<hr class=\"wp-block-separator has-text-color has-background has-white-background-color has-white-color is-style-default\" \/>\n\n\n\n<h5 class=\"wp-block-heading\"><strong><a href=\"https:\/\/atuaria.sites.uff.br\/?p=2634\">Iniciativas para Promover a Forma\u00e7\u00e3o e a Participa\u00e7\u00e3o Feminina na \u00c1rea de Ci\u00eancias Atuariais<\/a><\/strong><\/h5>\n\n\n\n<hr class=\"wp-block-separator has-text-color has-background has-white-background-color has-white-color is-style-default\" \/>\n\n\n\n<h5 class=\"wp-block-heading\"><strong><a href=\"https:\/\/atuaria.sites.uff.br\/?p=2641\">Laborat\u00f3rio de Finan\u00e7as (LabFin)<\/a><\/strong><\/h5>\n\n\n\n<hr class=\"wp-block-separator has-text-color has-background has-white-background-color has-white-color is-style-default\" \/>\n\n\n\n<h5 class=\"wp-block-heading\"><strong><a href=\"https:\/\/atuaria.sites.uff.br\/?p=2646\">Laborat\u00f3rio de Pr\u00e1tica Cont\u00e1bil na \u00e1rea Governamental<\/a><\/strong><\/h5>\n\n\n\n<hr class=\"wp-block-separator has-text-color has-background has-white-background-color has-white-color is-style-default\" \/>\n\n\n\n<h5 class=\"wp-block-heading\"><strong><a href=\"https:\/\/atuaria.sites.uff.br\/?p=2649\">Mercado de Trabalho para os Alunos do Curso de Ci\u00eancias Atuariais<\/a><\/strong><\/h5>\n\n\n\n<hr class=\"wp-block-separator has-text-color has-background has-white-background-color has-white-color is-style-default\" \/>\n\n\n\n<h5 class=\"wp-block-heading\"><strong><a href=\"https:\/\/atuaria.sites.uff.br\/?p=2654\">Motonoel<\/a><\/strong><\/h5>\n\n\n\n<hr class=\"wp-block-separator has-text-color has-background has-white-background-color has-white-color is-style-default\" \/>\n\n\n\n<h5 class=\"wp-block-heading\"><strong><a href=\"https:\/\/atuaria.sites.uff.br\/?p=2657\">Oficina de Pr\u00e1ticas Cont\u00e1beis, Atuariais e de Finan\u00e7as<\/a><\/strong><\/h5>\n\n\n\n<hr class=\"wp-block-separator has-text-color has-background has-white-background-color has-white-color is-style-default\" \/>\n\n\n\n<h5 class=\"wp-block-heading\"><strong><a href=\"https:\/\/atuaria.sites.uff.br\/?p=2661\">Saber em Movimento<\/a><\/strong><\/h5>\n","protected":false},"excerpt":{"rendered":"<p>Acervo Documental da EST Atu\u00e1ria em Perspectiva Avalia\u00e7\u00e3o para Viabilidade Financeira nas Entidades Ciclo de Eventos Compondo Indicadores de Qualidade na Gradua\u00e7\u00e3o Conhecimento e A\u00e7\u00e3o: Medidas de Preven\u00e7\u00e3o ao Superendividamento Covid-19 e os Impactos na Estrutura Social e Atuarial no Brasil e seus Desdobramentos no Mundo Escola de Educa\u00e7\u00e3o Financeira da UFF Iniciativas para Promover [&hellip;]<\/p>\n","protected":false},"author":47,"featured_media":0,"parent":0,"menu_order":0,"comment_status":"closed","ping_status":"closed","template":"","meta":{"_exactmetrics_skip_tracking":false,"_exactmetrics_sitenote_active":false,"_exactmetrics_sitenote_note":"","_exactmetrics_sitenote_category":0,"footnotes":""},"categories":[],"tags":[],"class_list":["post-531","page","type-page","status-publish","hentry"],"_links":{"self":[{"href":"http:\/\/atuaria.sites.uff.br\/index.php?rest_route=\/wp\/v2\/pages\/531","targetHints":{"allow":["GET"]}}],"collection":[{"href":"http:\/\/atuaria.sites.uff.br\/index.php?rest_route=\/wp\/v2\/pages"}],"about":[{"href":"http:\/\/atuaria.sites.uff.br\/index.php?rest_route=\/wp\/v2\/types\/page"}],"author":[{"embeddable":true,"href":"http:\/\/atuaria.sites.uff.br\/index.php?rest_route=\/wp\/v2\/users\/47"}],"replies":[{"embeddable":true,"href":"http:\/\/atuaria.sites.uff.br\/index.php?rest_route=%2Fwp%2Fv2%2Fcomments&post=531"}],"version-history":[{"count":28,"href":"http:\/\/atuaria.sites.uff.br\/index.php?rest_route=\/wp\/v2\/pages\/531\/revisions"}],"predecessor-version":[{"id":2663,"href":"http:\/\/atuaria.sites.uff.br\/index.php?rest_route=\/wp\/v2\/pages\/531\/revisions\/2663"}],"wp:attachment":[{"href":"http:\/\/atuaria.sites.uff.br\/index.php?rest_route=%2Fwp%2Fv2%2Fmedia&parent=531"}],"wp:term":[{"taxonomy":"category","embeddable":true,"href":"http:\/\/atuaria.sites.uff.br\/index.php?rest_route=%2Fwp%2Fv2%2Fcategories&post=531"},{"taxonomy":"post_tag","embeddable":true,"href":"http:\/\/atuaria.sites.uff.br\/index.php?rest_route=%2Fwp%2Fv2%2Ftags&post=531"}],"curies":[{"name":"wp","href":"https:\/\/api.w.org\/{rel}","templated":true}]}}