{"id":511,"date":"2016-08-29T12:46:51","date_gmt":"2016-08-29T15:46:51","guid":{"rendered":"http:\/\/atuaria.sites.uff.br\/?page_id=511"},"modified":"2017-08-23T17:18:05","modified_gmt":"2017-08-23T20:18:05","slug":"laboratorio","status":"publish","type":"page","link":"http:\/\/atuaria.sites.uff.br\/?page_id=511","title":{"rendered":"LABORAT\u00d3RIO"},"content":{"rendered":"<p>Os alunos do Curso de Gradua\u00e7\u00e3o em Ci\u00eancias Atuariais contam\u00a0com um laborat\u00f3rio de inform\u00e1tica na sala 704 com 24 esta\u00e7\u00f5es de trabalho, todas\u00a0em rede e com acesso \u00e0 internet. Os computadores est\u00e3o dispostos em bancadas amplas de 4\u00a0e 2 lugares num ambiente refrigerado. As esta\u00e7\u00f5es contam com Windows 7, Office 2013 e\u00a0antiv\u00edrus atualizados.<\/p>\n","protected":false},"excerpt":{"rendered":"<p>Os alunos do Curso de Gradua\u00e7\u00e3o em Ci\u00eancias Atuariais contam\u00a0com um laborat\u00f3rio de inform\u00e1tica na sala 704 com 24 esta\u00e7\u00f5es de trabalho, todas\u00a0em rede e com acesso \u00e0 internet. Os computadores est\u00e3o dispostos em bancadas amplas de 4\u00a0e 2 lugares num ambiente refrigerado. As esta\u00e7\u00f5es contam com Windows 7, Office 2013 e\u00a0antiv\u00edrus atualizados.<\/p>\n","protected":false},"author":47,"featured_media":0,"parent":0,"menu_order":0,"comment_status":"closed","ping_status":"closed","template":"","meta":{"_exactmetrics_skip_tracking":false,"_exactmetrics_sitenote_active":false,"_exactmetrics_sitenote_note":"","_exactmetrics_sitenote_category":0,"footnotes":""},"categories":[],"tags":[],"class_list":["post-511","page","type-page","status-publish","hentry"],"_links":{"self":[{"href":"http:\/\/atuaria.sites.uff.br\/index.php?rest_route=\/wp\/v2\/pages\/511","targetHints":{"allow":["GET"]}}],"collection":[{"href":"http:\/\/atuaria.sites.uff.br\/index.php?rest_route=\/wp\/v2\/pages"}],"about":[{"href":"http:\/\/atuaria.sites.uff.br\/index.php?rest_route=\/wp\/v2\/types\/page"}],"author":[{"embeddable":true,"href":"http:\/\/atuaria.sites.uff.br\/index.php?rest_route=\/wp\/v2\/users\/47"}],"replies":[{"embeddable":true,"href":"http:\/\/atuaria.sites.uff.br\/index.php?rest_route=%2Fwp%2Fv2%2Fcomments&post=511"}],"version-history":[{"count":6,"href":"http:\/\/atuaria.sites.uff.br\/index.php?rest_route=\/wp\/v2\/pages\/511\/revisions"}],"predecessor-version":[{"id":1341,"href":"http:\/\/atuaria.sites.uff.br\/index.php?rest_route=\/wp\/v2\/pages\/511\/revisions\/1341"}],"wp:attachment":[{"href":"http:\/\/atuaria.sites.uff.br\/index.php?rest_route=%2Fwp%2Fv2%2Fmedia&parent=511"}],"wp:term":[{"taxonomy":"category","embeddable":true,"href":"http:\/\/atuaria.sites.uff.br\/index.php?rest_route=%2Fwp%2Fv2%2Fcategories&post=511"},{"taxonomy":"post_tag","embeddable":true,"href":"http:\/\/atuaria.sites.uff.br\/index.php?rest_route=%2Fwp%2Fv2%2Ftags&post=511"}],"curies":[{"name":"wp","href":"https:\/\/api.w.org\/{rel}","templated":true}]}}