{"id":509,"date":"2016-08-29T12:46:38","date_gmt":"2016-08-29T15:46:38","guid":{"rendered":"http:\/\/atuaria.sites.uff.br\/?page_id=509"},"modified":"2017-08-09T17:30:50","modified_gmt":"2017-08-09T20:30:50","slug":"biblioteca","status":"publish","type":"page","link":"http:\/\/atuaria.sites.uff.br\/?page_id=509","title":{"rendered":"BIBLIOTECA"},"content":{"rendered":"<table width=\"100%\">\n<tbody>\n<tr>\n<td width=\"80%\">\n<h3><a href=\"http:\/\/www.bibliotecas.uff.br\/bac\/home\">Biblioteca<\/a><\/h3>\n<p style=\"text-align: left\"><em>\u00a0<\/em>A BAC \u00e9 uma das 29 bibliotecas do Sistema de Bibliotecas da UFF, representado pela SDC \u2013 Superintend\u00eancia de Documenta\u00e7\u00e3o. Possui um acervo de cerca de 12.000 volumes f\u00edsicos, e-books assinados pela universidade, acesso ao Portal de Peri\u00f3dicos da CAPES, bases de dados, entre outros recursos eletr\u00f4nicos.<\/p>\n<p>&nbsp;<\/p>\n<p style=\"text-align: left\"><img loading=\"lazy\" decoding=\"async\" class=\"alignnone wp-image-711\" src=\"http:\/\/atuaria.sites.uff.br\/wp-content\/uploads\/sites\/51\/2016\/08\/BIBLIOTECA2-300x225.png\" alt=\"biblioteca2\" width=\"308\" height=\"231\" srcset=\"http:\/\/atuaria.sites.uff.br\/wp-content\/uploads\/sites\/51\/2016\/08\/BIBLIOTECA2-300x225.png 300w, http:\/\/atuaria.sites.uff.br\/wp-content\/uploads\/sites\/51\/2016\/08\/BIBLIOTECA2-768x576.png 768w, http:\/\/atuaria.sites.uff.br\/wp-content\/uploads\/sites\/51\/2016\/08\/BIBLIOTECA2-160x120.png 160w, http:\/\/atuaria.sites.uff.br\/wp-content\/uploads\/sites\/51\/2016\/08\/BIBLIOTECA2.png 960w\" sizes=\"auto, (max-width: 308px) 100vw, 308px\" \/><em>\u00a0<\/em><\/p>\n<p>H\u00e1 quatro terminais de consulta, sendo um exclusivo para a acessibilidade dos usu\u00e1rios com defici\u00eancia visual, como cegueira e baixa vis\u00e3o. Programas como DOSVOX E MEC DAISY, al\u00e9m de um scanner leitor, d\u00e3o autonomia aos internautas.<\/p>\n<p>&nbsp;<\/p>\n<p style=\"padding-left: 420px\"><img loading=\"lazy\" decoding=\"async\" class=\"wp-image-715 alignnone\" src=\"http:\/\/atuaria.sites.uff.br\/wp-content\/uploads\/sites\/51\/2016\/08\/BIBLIOTECA5-300x225.jpg\" alt=\"biblioteca5\" width=\"308\" height=\"231\" srcset=\"http:\/\/atuaria.sites.uff.br\/wp-content\/uploads\/sites\/51\/2016\/08\/BIBLIOTECA5-300x225.jpg 300w, http:\/\/atuaria.sites.uff.br\/wp-content\/uploads\/sites\/51\/2016\/08\/BIBLIOTECA5-768x576.jpg 768w, http:\/\/atuaria.sites.uff.br\/wp-content\/uploads\/sites\/51\/2016\/08\/BIBLIOTECA5-160x120.jpg 160w, http:\/\/atuaria.sites.uff.br\/wp-content\/uploads\/sites\/51\/2016\/08\/BIBLIOTECA5.jpg 960w\" sizes=\"auto, (max-width: 308px) 100vw, 308px\" \/><\/p>\n<p>&nbsp;<\/p>\n<p>&nbsp;<\/p>\n<p>A Base Bibliogr\u00e1fica \u00e9 a Pergamum. O usu\u00e1rio pode acessar remotamente e fazer suas pesquisas, reservas, renova\u00e7\u00f5es, doa\u00e7\u00f5es, sugest\u00f5es e receber alertas de publica\u00e7\u00f5es de interesse.<\/p>\n<p>&nbsp;<\/p>\n<p><img loading=\"lazy\" decoding=\"async\" class=\"alignnone wp-image-713\" src=\"http:\/\/atuaria.sites.uff.br\/wp-content\/uploads\/sites\/51\/2016\/08\/BIBLIOTECA3-300x225.jpg\" alt=\"biblioteca3\" width=\"308\" height=\"231\" srcset=\"http:\/\/atuaria.sites.uff.br\/wp-content\/uploads\/sites\/51\/2016\/08\/BIBLIOTECA3-300x225.jpg 300w, http:\/\/atuaria.sites.uff.br\/wp-content\/uploads\/sites\/51\/2016\/08\/BIBLIOTECA3-768x576.jpg 768w, http:\/\/atuaria.sites.uff.br\/wp-content\/uploads\/sites\/51\/2016\/08\/BIBLIOTECA3-160x120.jpg 160w, http:\/\/atuaria.sites.uff.br\/wp-content\/uploads\/sites\/51\/2016\/08\/BIBLIOTECA3.jpg 960w\" sizes=\"auto, (max-width: 308px) 100vw, 308px\" \/><\/p>\n<p>Visite a BAC, de segunda a sexta-feira, das 10:00 \u00e0s 20:30. S\u00e1bados, das 10:00 \u00e0s 16:00. Valonguinho \u2013 EST\/8\u00ba andar.<\/p>\n<p>Telefone: (21) 2629-9893\u00a0\u00a0\u00a0\u00a0\u00a0\u00a0\u00a0\u00a0\u00a0\u00a0\u00a0\u00a0\u00a0\u00a0 <em>E-mail<\/em>: <a href=\"mailto:bac@ndc.uff.br\">bac@ndc.uff.br<\/a><\/td>\n<\/tr>\n<\/tbody>\n<\/table>\n<p><!--more--><\/p>\n<p><!--more--><\/p>\n","protected":false},"excerpt":{"rendered":"<p>Biblioteca \u00a0A BAC \u00e9 uma das 29 bibliotecas do Sistema de Bibliotecas da UFF, representado pela SDC \u2013 Superintend\u00eancia de Documenta\u00e7\u00e3o. Possui um acervo de cerca de 12.000 volumes f\u00edsicos, e-books assinados pela universidade, acesso ao Portal de Peri\u00f3dicos da CAPES, bases de dados, entre outros recursos eletr\u00f4nicos. &nbsp; \u00a0 H\u00e1 quatro terminais de consulta, [&hellip;]<\/p>\n","protected":false},"author":47,"featured_media":0,"parent":0,"menu_order":0,"comment_status":"closed","ping_status":"closed","template":"","meta":{"_exactmetrics_skip_tracking":false,"_exactmetrics_sitenote_active":false,"_exactmetrics_sitenote_note":"","_exactmetrics_sitenote_category":0,"footnotes":""},"categories":[],"tags":[],"class_list":["post-509","page","type-page","status-publish","hentry"],"_links":{"self":[{"href":"http:\/\/atuaria.sites.uff.br\/index.php?rest_route=\/wp\/v2\/pages\/509","targetHints":{"allow":["GET"]}}],"collection":[{"href":"http:\/\/atuaria.sites.uff.br\/index.php?rest_route=\/wp\/v2\/pages"}],"about":[{"href":"http:\/\/atuaria.sites.uff.br\/index.php?rest_route=\/wp\/v2\/types\/page"}],"author":[{"embeddable":true,"href":"http:\/\/atuaria.sites.uff.br\/index.php?rest_route=\/wp\/v2\/users\/47"}],"replies":[{"embeddable":true,"href":"http:\/\/atuaria.sites.uff.br\/index.php?rest_route=%2Fwp%2Fv2%2Fcomments&post=509"}],"version-history":[{"count":19,"href":"http:\/\/atuaria.sites.uff.br\/index.php?rest_route=\/wp\/v2\/pages\/509\/revisions"}],"predecessor-version":[{"id":1274,"href":"http:\/\/atuaria.sites.uff.br\/index.php?rest_route=\/wp\/v2\/pages\/509\/revisions\/1274"}],"wp:attachment":[{"href":"http:\/\/atuaria.sites.uff.br\/index.php?rest_route=%2Fwp%2Fv2%2Fmedia&parent=509"}],"wp:term":[{"taxonomy":"category","embeddable":true,"href":"http:\/\/atuaria.sites.uff.br\/index.php?rest_route=%2Fwp%2Fv2%2Fcategories&post=509"},{"taxonomy":"post_tag","embeddable":true,"href":"http:\/\/atuaria.sites.uff.br\/index.php?rest_route=%2Fwp%2Fv2%2Ftags&post=509"}],"curies":[{"name":"wp","href":"https:\/\/api.w.org\/{rel}","templated":true}]}}