{"id":484,"date":"2016-08-29T12:39:08","date_gmt":"2016-08-29T15:39:08","guid":{"rendered":"http:\/\/atuaria.sites.uff.br\/?page_id=484"},"modified":"2021-11-04T11:48:43","modified_gmt":"2021-11-04T14:48:43","slug":"estagio-2","status":"publish","type":"page","link":"http:\/\/atuaria.sites.uff.br\/?page_id=484","title":{"rendered":"PR\u00c1TICAS PROFISSIONAIS"},"content":{"rendered":"<p>\u25ba<a href=\"http:\/\/atuaria.sites.uff.br\/wp-content\/uploads\/sites\/51\/2021\/11\/RESOLU\u00c7\u00c3O-PR\u00c1TICAS-PROFISSIONAIS.pdf\" target=\"_blank\" rel=\"noopener noreferrer\">Regulamento<\/a><\/p>\n<p><strong>Formul\u00e1rios:<\/strong><\/p>\n<div class=\"region region-content\">\n<div id=\"node-218\" class=\"node node-p-gina-simples\">\n<div class=\"content\">\n<div class=\"field field-name-field-anexo field-type-file field-label-above\">\n<div class=\"field-item even\"><span class=\"file\">\u00a0<a title=\"atividades_realizadas.pdf\" href=\"http:\/\/atuaria.sites.uff.br\/wp-content\/uploads\/sites\/51\/2021\/11\/AVALIA\u00c7\u00c3O-DE-ATIVIDADES-ESTAGI\u00c1RIO_FUNCION\u00c1RIO_BOLSISTA.pdf\" target=\"_blank\" rel=\"noopener noreferrer\">Avalia\u00e7\u00e3o de Atividades (Estagi\u00e1rio\/Funcion\u00e1rio\/Bolsista)<\/a>\u00a0 \u00a0 \u00a0 \u00a0 \u00a0 \u00a0 \u00a0 \u00a0 \u00a0 <\/span><\/div>\n<div class=\"field-item even\"><span class=\"file\"><a title=\"avaliacao_de_desempenho_do_estagiario.pdf\" href=\"http:\/\/atuaria.sites.uff.br\/wp-content\/uploads\/sites\/51\/2021\/11\/AVALIA\u00c7\u00c3O-DE-DESEMPENHO-ESTAGI\u00c1RIO_FUNCION\u00c1RIO_BOLSISTA.pdf\" target=\"_blank\" rel=\"noopener noreferrer\">\u00a0Avalia\u00e7\u00e3o de Desempenho (Estagi\u00e1rio\/Funcion\u00e1rio\/Bolsista)<\/a><\/span><\/div>\n<div class=\"field-item odd\"><span class=\"file\">\u00a0<a title=\"dados_gerais_do_estagio.pdf\" href=\"http:\/\/atuaria.sites.uff.br\/wp-content\/uploads\/sites\/51\/2021\/11\/DADOS-GERAIS-DO-EST\u00c1GIO.pdf\" target=\"_blank\" rel=\"noopener noreferrer\">Dados Gerais do Est\u00e1gio<\/a><\/span><\/div>\n<div class=\"field-item even\"><span class=\"file\">\u00a0<a title=\"plano_de_atividades_de_estagio.pdf\" href=\"http:\/\/atuaria.sites.uff.br\/wp-content\/uploads\/sites\/51\/2021\/11\/RELAT\u00d3RIO-DE-ATIVIDADES-REALIZADAS-MEI_AUT\u00d4NOMO_PROPRIET\u00c1RIO-DE-EMRESA.pdf\" target=\"_blank\" rel=\"noopener noreferrer\">Relat\u00f3rio de Atividades Realizadas (MEI\/Aut\u00f4nomo\/Propriet\u00e1rio de Empresa)<\/a><\/span><\/div>\n<\/div>\n<\/div>\n<\/div>\n<\/div>\n\n\n<p><\/p>\n","protected":false},"excerpt":{"rendered":"<p>\u25baRegulamento Formul\u00e1rios: \u00a0Avalia\u00e7\u00e3o de Atividades (Estagi\u00e1rio\/Funcion\u00e1rio\/Bolsista)\u00a0 \u00a0 \u00a0 \u00a0 \u00a0 \u00a0 \u00a0 \u00a0 \u00a0 \u00a0Avalia\u00e7\u00e3o de Desempenho (Estagi\u00e1rio\/Funcion\u00e1rio\/Bolsista) \u00a0Dados Gerais do Est\u00e1gio \u00a0Relat\u00f3rio de Atividades Realizadas (MEI\/Aut\u00f4nomo\/Propriet\u00e1rio de Empresa)<\/p>\n","protected":false},"author":47,"featured_media":0,"parent":0,"menu_order":0,"comment_status":"closed","ping_status":"closed","template":"","meta":{"_exactmetrics_skip_tracking":false,"_exactmetrics_sitenote_active":false,"_exactmetrics_sitenote_note":"","_exactmetrics_sitenote_category":0,"footnotes":""},"categories":[],"tags":[],"class_list":["post-484","page","type-page","status-publish","hentry"],"_links":{"self":[{"href":"http:\/\/atuaria.sites.uff.br\/index.php?rest_route=\/wp\/v2\/pages\/484","targetHints":{"allow":["GET"]}}],"collection":[{"href":"http:\/\/atuaria.sites.uff.br\/index.php?rest_route=\/wp\/v2\/pages"}],"about":[{"href":"http:\/\/atuaria.sites.uff.br\/index.php?rest_route=\/wp\/v2\/types\/page"}],"author":[{"embeddable":true,"href":"http:\/\/atuaria.sites.uff.br\/index.php?rest_route=\/wp\/v2\/users\/47"}],"replies":[{"embeddable":true,"href":"http:\/\/atuaria.sites.uff.br\/index.php?rest_route=%2Fwp%2Fv2%2Fcomments&post=484"}],"version-history":[{"count":21,"href":"http:\/\/atuaria.sites.uff.br\/index.php?rest_route=\/wp\/v2\/pages\/484\/revisions"}],"predecessor-version":[{"id":2235,"href":"http:\/\/atuaria.sites.uff.br\/index.php?rest_route=\/wp\/v2\/pages\/484\/revisions\/2235"}],"wp:attachment":[{"href":"http:\/\/atuaria.sites.uff.br\/index.php?rest_route=%2Fwp%2Fv2%2Fmedia&parent=484"}],"wp:term":[{"taxonomy":"category","embeddable":true,"href":"http:\/\/atuaria.sites.uff.br\/index.php?rest_route=%2Fwp%2Fv2%2Fcategories&post=484"},{"taxonomy":"post_tag","embeddable":true,"href":"http:\/\/atuaria.sites.uff.br\/index.php?rest_route=%2Fwp%2Fv2%2Ftags&post=484"}],"curies":[{"name":"wp","href":"https:\/\/api.w.org\/{rel}","templated":true}]}}