{"id":346,"date":"2016-08-29T11:43:21","date_gmt":"2016-08-29T14:43:21","guid":{"rendered":"http:\/\/atuaria.sites.uff.br\/?page_id=346"},"modified":"2025-06-10T14:32:40","modified_gmt":"2025-06-10T17:32:40","slug":"disciplina-e-ementas","status":"publish","type":"page","link":"http:\/\/atuaria.sites.uff.br\/?page_id=346","title":{"rendered":"DISCIPLINA E EMENTAS"},"content":{"rendered":"<h5><strong>1\u00ba Per\u00edodo \u00a0 \u00a0 \u00a0 \u00a0 \u00a0 \u00a0 \u00a0<\/strong><strong>\u00a0\u00a0<\/strong><\/h5>\n<h5><a href=\"http:\/\/atuaria.sites.uff.br\/wp-content\/uploads\/sites\/51\/2019\/07\/DCA-00044-ELEMENTOS-DE-C\u00c1LCULO-APLICADO-I_2019.pdf\" target=\"_blank\" rel=\"noopener noreferrer\">Elementos de Calculo Aplicado I<\/a><strong>\u00a0 \u00a0 \u00a0 \u00a0 <\/strong><\/h5>\n<h5><a href=\"http:\/\/atuaria.sites.uff.br\/wp-content\/uploads\/sites\/51\/2019\/07\/DCA-00029-ASPECTOS-DE-MICROECONOMIA_2019.pdf\" target=\"_blank\" rel=\"noopener noreferrer\">Aspectos de Microeconomia<\/a><strong>\u00a0 \u00a0 \u00a0 \u00a0 \u00a0 \u00a0 \u00a0 \u00a0 \u00a0 \u00a0 \u00a0 \u00a0 <\/strong><\/h5>\n<h5><a href=\"http:\/\/atuaria.sites.uff.br\/wp-content\/uploads\/sites\/51\/2019\/07\/DCA-00041-TRAJET\u00d3RIA-DAS-ORGANIZA\u00c7\u00d5ES-PREVIDENCI\u00c1RIAS-E-SECURIT\u00c1RIAS_2019.pdf\" target=\"_blank\" rel=\"noopener noreferrer\">Trajet\u00f3ria das Organiza\u00e7\u00f5es Previdenci\u00e1rias e Securit\u00e1rias<\/a><\/h5>\n<h5><a href=\"http:\/\/atuaria.sites.uff.br\/wp-content\/uploads\/sites\/51\/2019\/07\/DCA-00027-CONTABILIDADE-INTRODUTORIA_2019.pdf\" target=\"_blank\" rel=\"noopener noreferrer\">Contabilidade Introdut\u00f3ria<\/a><\/h5>\n<h5><a href=\"http:\/\/atuaria.sites.uff.br\/wp-content\/uploads\/sites\/51\/2019\/07\/DCA-00028-ASPECTOS-DA-ADMINISTRA\u00c7\u00c3O-E-COMPORTAMENTO-ORGANIZACIONAL_2019.pdf\" target=\"_blank\" rel=\"noopener noreferrer\">Aspectos da Administra\u00e7\u00e3o e Comportamento Organizacional<\/a><\/h5>\n<p>\u00a0<\/p>\n<h5><strong>2\u00ba Per\u00edodo \u00a0 \u00a0 \u00a0 \u00a0 \u00a0 \u00a0 <\/strong><\/h5>\n<h5><a href=\"http:\/\/atuaria.sites.uff.br\/wp-content\/uploads\/sites\/51\/2019\/07\/DCA-00025-SISTEMA-LINEARES_2019.pdf\" target=\"_blank\" rel=\"noopener noreferrer\">Sistemas Lineares<\/a><strong>\u00a0 \u00a0 \u00a0 \u00a0 \u00a0 \u00a0 \u00a0 \u00a0\u00a0<\/strong><\/h5>\n<h5><a href=\"http:\/\/atuaria.sites.uff.br\/wp-content\/uploads\/sites\/51\/2019\/07\/DCA-00031-ELEMENTOS-DE-C\u00c1LCULOS-APLICADO-II_2019.pdf\" target=\"_blank\" rel=\"noopener noreferrer\">Elementos de Calculo Aplicado II<\/a><strong>\u00a0 \u00a0 \u00a0 \u00a0 \u00a0 \u00a0 \u00a0 \u00a0<\/strong><\/h5>\n<h5><a href=\"http:\/\/atuaria.sites.uff.br\/wp-content\/uploads\/sites\/51\/2019\/07\/DCA-00030-ASPECTOS-DE-MACROECONOMIA_2019.pdf\" target=\"_blank\" rel=\"noopener noreferrer\">Aspectos de Macroeconomia<\/a><\/h5>\n<h5><a href=\"http:\/\/atuaria.sites.uff.br\/wp-content\/uploads\/sites\/51\/2019\/07\/DCA-00013-MODELOS-DE-PREVID\u00caNCIA-E-SEGURIDADE-SOCIAL_2019.pdf\" target=\"_blank\" rel=\"noopener noreferrer\">Modelos de Previd\u00eancia e Seguridade Social<\/a><\/h5>\n<h5><a href=\"http:\/\/atuaria.sites.uff.br\/wp-content\/uploads\/sites\/51\/2019\/07\/DCA-00045-MODELOS-DE-SEGUROS_2019.pdf\" target=\"_blank\" rel=\"noopener noreferrer\">Modelos de Seguros<\/a><\/h5>\n<p>\u00a0<\/p>\n<h5><strong>3\u00ba Per\u00edodo \u00a0 \u00a0 \u00a0 \u00a0 <\/strong><\/h5>\n<h5><a href=\"http:\/\/atuaria.sites.uff.br\/wp-content\/uploads\/sites\/51\/2019\/07\/DCA-00034-M\u00c9TODOS-ESTAT\u00cdSTICOS-APLICADOS-\u00c0-ATU\u00c1RIA-I_2019.pdf\" target=\"_blank\" rel=\"noopener noreferrer\">M\u00e9todos Estat\u00edsticos Aplicados \u00e0 \u00a0Atu\u00e1ria I<\/a><strong>\u00a0 \u00a0 \u00a0 \u00a0 \u00a0<\/strong><\/h5>\n<h5><a href=\"http:\/\/atuaria.sites.uff.br\/wp-content\/uploads\/sites\/51\/2019\/07\/DCA-00003-M\u00c9TODOS-QUANTITATIVOS-PARA-ATU\u00c1RIA_2019.pdf\" target=\"_blank\" rel=\"noopener noreferrer\">M\u00e9todos Quantitativos para Atu\u00e1ria<\/a><strong>\u00a0 \u00a0 \u00a0 \u00a0 \u00a0 \u00a0 \u00a0 \u00a0 \u00a0 \u00a0 \u00a0 \u00a0 \u00a0 \u00a0<\/strong><\/h5>\n<h5><a href=\"http:\/\/atuaria.sites.uff.br\/wp-content\/uploads\/sites\/51\/2019\/07\/DCA-00036-SISTEMA-DE-INFORMA\u00c7\u00c3O-ATUARIAL-I_2019.pdf\" target=\"_blank\" rel=\"noopener noreferrer\">Sistema de Informa\u00e7\u00e3o Atuarial I<\/a><\/h5>\n<h5><a href=\"http:\/\/atuaria.sites.uff.br\/wp-content\/uploads\/sites\/51\/2019\/07\/DCA-00032-C\u00c1LCULO-FINANCEIRO-APLICADO-\u00c0-ATU\u00c1RIA_2019.pdf\" target=\"_blank\" rel=\"noopener noreferrer\">Calculo Financeiro Aplicado \u00e0 Atu\u00e1ria<\/a><\/h5>\n<h5><a href=\"http:\/\/atuaria.sites.uff.br\/wp-content\/uploads\/sites\/51\/2025\/06\/DCA-00001-LEGISLACAO-SOCIAL-E-SECURITARIA_2019-1.pdf\">Legisla\u00e7\u00e3o Social e Securit\u00e1ria<\/a><\/h5>\n<p>\u00a0<\/p>\n<h5><strong>4\u00ba Per\u00edodo \u00a0 \u00a0 \u00a0 \u00a0 \u00a0 \u00a0 \u00a0 \u00a0 \u00a0 \u00a0 \u00a0 \u00a0 \u00a0 \u00a0 \u00a0 \u00a0 \u00a0 \u00a0 \u00a0 \u00a0 \u00a0 \u00a0 \u00a0 \u00a0 \u00a0 \u00a0 \u00a0 \u00a0 \u00a0 \u00a0 \u00a0 \u00a0 \u00a0 \u00a0 \u00a0 \u00a0 \u00a0 \u00a0 \u00a0 \u00a0 \u00a0 \u00a0 \u00a0 \u00a0\u00a0<\/strong><\/h5>\n<h5><a href=\"http:\/\/atuaria.sites.uff.br\/wp-content\/uploads\/sites\/51\/2019\/07\/DCA-00008-CONTABILIDADE-DE-SEGUROS_2019.pdf\" target=\"_blank\" rel=\"noopener noreferrer\">Contabilidade de Seguros<\/a><\/h5>\n<h5><a href=\"http:\/\/atuaria.sites.uff.br\/wp-content\/uploads\/sites\/51\/2019\/07\/DCA-00033-GER\u00caNCIA-FINANCEIRA-ATUARIAL_2019.pdf\" target=\"_blank\" rel=\"noopener noreferrer\">Ger\u00eancia Financeira Atuarial<\/a><\/h5>\n<h5><a href=\"http:\/\/atuaria.sites.uff.br\/wp-content\/uploads\/sites\/51\/2019\/07\/DCA-00042-M\u00c9TODOS-DE-PESQUISA-PARA-CI\u00caNCIAS-ATUARIAIS_2019.pdf\" target=\"_blank\" rel=\"noopener noreferrer\">M\u00e9todos de Pesquisa para Ci\u00eancias Atuariais<\/a><\/h5>\n<h5><a href=\"http:\/\/atuaria.sites.uff.br\/wp-content\/uploads\/sites\/51\/2019\/07\/DCA-00002-LEGISLA\u00c7\u00c3O-PREVIDENCI\u00c1RIA_2019.pdf\" target=\"_blank\" rel=\"noopener noreferrer\">Legisla\u00e7\u00e3o Previdenci\u00e1ria<\/a><\/h5>\n<h5><a href=\"http:\/\/atuaria.sites.uff.br\/wp-content\/uploads\/sites\/51\/2019\/07\/DCA-00035-M\u00c9TODOS-ESTAT\u00cdSTICOS-APLICADOS-\u00c0-ATUARIA-II_2019.pdf\" target=\"_blank\" rel=\"noopener noreferrer\">M\u00e9todos Estat\u00edsticos Aplicados \u00e0 Atu\u00e1ria II<\/a><\/h5>\n<p>\u00a0<\/p>\n<h5><strong>5\u00ba Per\u00edodo \u00a0 <\/strong><\/h5>\n<h5><a href=\"http:\/\/atuaria.sites.uff.br\/wp-content\/uploads\/sites\/51\/2019\/07\/DCA-00050-MATEM\u00c1TICA-ATUARIAL-I-A_2019.pdf\" target=\"_blank\" rel=\"noopener noreferrer\">Matem\u00e1tica Atuarial I-A<\/a><strong>\u00a0 \u00a0 \u00a0 \u00a0 \u00a0 <\/strong><\/h5>\n<h5><a href=\"http:\/\/atuaria.sites.uff.br\/wp-content\/uploads\/sites\/51\/2019\/07\/DCA-00007-DIN\u00c2MICA-DEMOGR\u00c1FICA_2019.pdf\" target=\"_blank\" rel=\"noopener noreferrer\">Din\u00e2mica Demogr\u00e1fica<\/a><strong>\u00a0 \u00a0 \u00a0 \u00a0 \u00a0 \u00a0 \u00a0\u00a0<\/strong><\/h5>\n<h5><a href=\"http:\/\/atuaria.sites.uff.br\/wp-content\/uploads\/sites\/51\/2019\/07\/DCA-00005-MODELAGEM-E-PROBABILIDADE-APLICADA-\u00c0-ATU\u00c1RIA-I_2019.pdf\" target=\"_blank\" rel=\"noopener noreferrer\">Modelagem e Probabilidade Aplicada \u00e0 Atu\u00e1ria I<\/a><\/h5>\n<h5><a href=\"http:\/\/atuaria.sites.uff.br\/wp-content\/uploads\/sites\/51\/2019\/07\/DCA-00046-SISTEMA-DE-INFORMA\u00c7\u00c3O-ATUARIAL-II_2019.pdf\" target=\"_blank\" rel=\"noopener noreferrer\">Sistema de Informa\u00e7\u00e3o Atuarial II<\/a><\/h5>\n<h5><a href=\"http:\/\/atuaria.sites.uff.br\/wp-content\/uploads\/sites\/51\/2019\/07\/DCA-00004-M\u00c9TODOS-DE-PREVIS\u00c3O-PARA-ATU\u00c1RIA_2019.pdf\" target=\"_blank\" rel=\"noopener noreferrer\">M\u00e9todos de Previs\u00e3o para Atu\u00e1ria<\/a><\/h5>\n<h5>\u00a0<\/h5>\n<h5><strong>6\u00ba Per\u00edodo \u00a0 \u00a0 \u00a0 \u00a0 \u00a0 \u00a0 \u00a0 \u00a0 \u00a0 \u00a0 \u00a0 \u00a0 \u00a0 \u00a0 \u00a0 \u00a0 \u00a0 \u00a0 \u00a0 \u00a0 \u00a0 \u00a0 \u00a0 \u00a0 \u00a0 \u00a0 \u00a0 \u00a0 \u00a0 \u00a0 \u00a0 \u00a0 \u00a0 \u00a0 \u00a0 \u00a0 \u00a0 \u00a0 \u00a0 \u00a0 \u00a0 \u00a0 \u00a0 \u00a0\u00a0<\/strong><\/h5>\n<h5><a href=\"http:\/\/atuaria.sites.uff.br\/wp-content\/uploads\/sites\/51\/2019\/07\/DCA-00010-GEST\u00c3O-ESTRAT\u00c9GICA-DE-NEG\u00d3CIOS_2019.pdf\" target=\"_blank\" rel=\"noopener noreferrer\">Gest\u00e3o Estrat\u00e9gica de Neg\u00f3cios<\/a><\/h5>\n<h5><a href=\"http:\/\/atuaria.sites.uff.br\/wp-content\/uploads\/sites\/51\/2021\/11\/DCA-00019-PR\u00c1TICAS-PROFISSIONAIS-2_2021.pdf\" target=\"_blank\" rel=\"noopener noreferrer\">Pr\u00e1ticas Profissionais<\/a><\/h5>\n<h5><a href=\"http:\/\/atuaria.sites.uff.br\/wp-content\/uploads\/sites\/51\/2019\/07\/DCA-00051-MATEM\u00c1TICA-ATUARIAL-II-A_2019.pdf\">Matem\u00e1tica Atuarial II-A<\/a><\/h5>\n<h5><a href=\"http:\/\/atuaria.sites.uff.br\/wp-content\/uploads\/sites\/51\/2019\/07\/DCA-00009-CONTABILIDADE-DE-INSTITUI\u00c7\u00d5ES-DE-PREVID\u00caNCIA_2019.pdf\" target=\"_blank\" rel=\"noopener noreferrer\">Contabilidade de Institui\u00e7\u00f5es de Previd\u00eancia<\/a><\/h5>\n<h5><a href=\"http:\/\/atuaria.sites.uff.br\/wp-content\/uploads\/sites\/51\/2019\/07\/DCA-00006-MODELAGEM-E-PROBABILIDADE-PARA-ATU\u00c1RIA-II_2019.pdf\" target=\"_blank\" rel=\"noopener noreferrer\">Modelagem e Probabilidade Aplicada \u00e0 Atu\u00e1ria II<\/a><\/h5>\n<p>\u00a0<\/p>\n<h5><strong>7\u00ba Per\u00edodo \u00a0 \u00a0 \u00a0 <\/strong><\/h5>\n<h5><a href=\"http:\/\/atuaria.sites.uff.br\/wp-content\/uploads\/sites\/51\/2019\/07\/DCA-00038-PROJETO-DE-TRABALHO-DE-CONCLUS\u00c3O-DE-CURSO_2019.pdf\" target=\"_blank\" rel=\"noopener noreferrer\">Projeto de Trabalho de Conclus\u00e3o de Curso<\/a><strong>\u00a0 \u00a0 \u00a0 \u00a0 \u00a0 \u00a0 \u00a0 \u00a0 \u00a0 \u00a0 \u00a0 \u00a0 \u00a0 \u00a0 \u00a0 \u00a0 \u00a0 \u00a0 \u00a0<\/strong><\/h5>\n<h5><a href=\"http:\/\/atuaria.sites.uff.br\/wp-content\/uploads\/sites\/51\/2019\/07\/DCA-00018-PER\u00cdCIA-ATUARIAL_2019.pdf\" target=\"_blank\" rel=\"noopener noreferrer\">Per\u00edcia Atuarial<\/a><\/h5>\n<h5><a href=\"http:\/\/atuaria.sites.uff.br\/wp-content\/uploads\/sites\/51\/2019\/07\/DCA-00011-GER\u00caNCIA-DE-RISCOS-E-RESERVAS-T\u00c9CNICAS_2019.pdf\" target=\"_blank\" rel=\"noopener noreferrer\">Ger\u00eancia de Riscos e Reservas T\u00e9cnicas<\/a><\/h5>\n<h5><a href=\"http:\/\/atuaria.sites.uff.br\/wp-content\/uploads\/sites\/51\/2019\/07\/DCA-00052-MATEM\u00c1TICA-ATUARIAL-III-A_2019.pdf\" target=\"_blank\" rel=\"noopener noreferrer\">Matem\u00e1tica Atuarial III-A<\/a><\/h5>\n<h5><a href=\"http:\/\/atuaria.sites.uff.br\/wp-content\/uploads\/sites\/51\/2019\/07\/DCA-00037-MODELAGEM-E-PROBABILIDADE-PARA-ATU\u00c1RIA-III_2019.pdf\" target=\"_blank\" rel=\"noopener noreferrer\">Modelagem e Probabilidade Aplicada \u00e0 Atu\u00e1ria III<\/a><\/h5>\n<p>\u00a0<\/p>\n<h5><strong>8\u00ba Per\u00edodo \u00a0 \u00a0 \u00a0 \u00a0 \u00a0 \u00a0 \u00a0 \u00a0 <\/strong><\/h5>\n<h5><a href=\"http:\/\/atuaria.sites.uff.br\/wp-content\/uploads\/sites\/51\/2019\/07\/DCA-00026-TRABALHO-DE-CONCLUS\u00c3O-DE-CURSO_2019.pdf\" target=\"_blank\" rel=\"noopener noreferrer\">Trabalho de Conclus\u00e3o de Curso<\/a><\/h5>\n<h5><a href=\"http:\/\/atuaria.sites.uff.br\/wp-content\/uploads\/sites\/51\/2019\/07\/DCA-00043-\u00c9TICA-GERAL-E-PROFISSIONAL_2019.pdf\" target=\"_blank\" rel=\"noopener noreferrer\">\u00c9tica Geral e Profissional<\/a><\/h5>\n<h5><a href=\"http:\/\/atuaria.sites.uff.br\/wp-content\/uploads\/sites\/51\/2019\/07\/DCA00049-FINAN\u00c7AS-CORPORTIVAS-APLICADAS_2019.-1.pdf\">Finan\u00e7as Corporativas Aplicadas<\/a><\/h5>\n<h5><a href=\"http:\/\/atuaria.sites.uff.br\/wp-content\/uploads\/sites\/51\/2019\/07\/DCA-00048-TEORIA-DO-RISCO_2019-1.pdf\">Teoria Do Risco<\/a><\/h5>\n<p>\u00a0<\/p>\n<h5><strong>N\u00e3o Periodizadas \u00a0 \u00a0 \u00a0 \u00a0 \u00a0 \u00a0 \u00a0 \u00a0 \u00a0 \u00a0 \u00a0 \u00a0 \u00a0 \u00a0 \u00a0 \u00a0 \u00a0 \u00a0 \u00a0 \u00a0 \u00a0 \u00a0 \u00a0 \u00a0 \u00a0 \u00a0 \u00a0 \u00a0 \u00a0 \u00a0 \u00a0 \u00a0 \u00a0 \u00a0 \u00a0 \u00a0 \u00a0<\/strong><strong>\u00a0 \u00a0 \u00a0<\/strong><\/h5>\n<h5><a href=\"http:\/\/atuaria.sites.uff.br\/wp-content\/uploads\/sites\/51\/2019\/07\/GCT0001-ATIVIDADES-COMPLEMENTARES_2019.pdf\" target=\"_blank\" rel=\"noopener noreferrer\">Atividades Complementares<\/a><\/h5>\n<h5><a href=\"http:\/\/atuaria.sites.uff.br\/wp-content\/uploads\/sites\/51\/2019\/07\/GLC00292-LIBRAS-I_2019.pdf\" target=\"_blank\" rel=\"noopener noreferrer\">Libras<\/a><\/h5>\n<h5><a href=\"http:\/\/atuaria.sites.uff.br\/wp-content\/uploads\/sites\/51\/2019\/07\/DCA-00020-T\u00d3PICOS-EM-ATU\u00c1RIA-I-GEST\u00c3O-E-PROJETOS_2019.pdf\" target=\"_blank\" rel=\"noopener noreferrer\">T\u00f3picos em Atu\u00e1ria I (Gest\u00e3o e Projetos)<\/a><\/h5>\n<h5><a href=\"http:\/\/atuaria.sites.uff.br\/wp-content\/uploads\/sites\/51\/2019\/07\/DCA-00021-T\u00d3PICOS-EM-ATU\u00c1RIA-II-ASSUNTOS-CONT\u00c1BEIS_2019.pdf\" target=\"_blank\" rel=\"noopener noreferrer\">T\u00f3picos em Atu\u00e1ria II (Assuntos Cont\u00e1beis)<\/a><\/h5>\n<h5><a href=\"http:\/\/atuaria.sites.uff.br\/wp-content\/uploads\/sites\/51\/2019\/07\/DCA-00022-T\u00d3PICOS-EM-ATU\u00c1RIA-III-APLICATIVOS_2019.pdf\" target=\"_blank\" rel=\"noopener noreferrer\">T\u00f3picos em Atu\u00e1ria III (Aplicativos)<\/a><\/h5>\n<h5><a href=\"http:\/\/atuaria.sites.uff.br\/wp-content\/uploads\/sites\/51\/2019\/07\/DCA-00023-T\u00d3PICOS-EM-ATU\u00c1RIA-IV-ASSUNTOS-JUR\u00cdDICOS_2019.pdf\" target=\"_blank\" rel=\"noopener noreferrer\">T\u00f3picos em Atu\u00e1ria IV (Assuntos Jur\u00eddicos)<\/a><\/h5>\n<h5><a href=\"http:\/\/atuaria.sites.uff.br\/wp-content\/uploads\/sites\/51\/2019\/07\/DCA-00024-T\u00d3PICOS-EM-ATU\u00c1RIA-V-ASSUNTOS-ESTAT\u00cdSTICOS_2019.pdf\" target=\"_blank\" rel=\"noopener noreferrer\">T\u00f3picos em Atu\u00e1ria V (Assuntos Estat\u00edsticos)<\/a><\/h5>\n<h5><a href=\"http:\/\/atuaria.sites.uff.br\/wp-content\/uploads\/sites\/51\/2019\/07\/DCA-00039-T\u00d3PICOS-EM-ATU\u00c1RIA-VI-PR\u00c1TICAS-ATUARIAIS_2019.pdf\" target=\"_blank\" rel=\"noopener noreferrer\">T\u00f3picos em Atu\u00e1ria VI (Pr\u00e1ticas Atuariais)<\/a><\/h5>\n<h5><a href=\"http:\/\/atuaria.sites.uff.br\/wp-content\/uploads\/sites\/51\/2019\/07\/DCA-00040-T\u00d3PICOS-EM-ATU\u00c1RIA-VII-NOVAS-DISCIPLINAS_2019.pdf\" target=\"_blank\" rel=\"noopener noreferrer\">T\u00f3picos em Atu\u00e1ria VII (Novas Disciplinas)<\/a><\/h5>\n\n\n<p><\/p>\n","protected":false},"excerpt":{"rendered":"<p>1\u00ba Per\u00edodo \u00a0 \u00a0 \u00a0 \u00a0 \u00a0 \u00a0 \u00a0\u00a0\u00a0 Elementos de Calculo Aplicado I\u00a0 \u00a0 \u00a0 \u00a0 Aspectos de Microeconomia\u00a0 \u00a0 \u00a0 \u00a0 \u00a0 \u00a0 \u00a0 \u00a0 \u00a0 \u00a0 \u00a0 \u00a0 Trajet\u00f3ria das Organiza\u00e7\u00f5es Previdenci\u00e1rias e Securit\u00e1rias Contabilidade Introdut\u00f3ria Aspectos da Administra\u00e7\u00e3o e Comportamento Organizacional \u00a0 2\u00ba Per\u00edodo \u00a0 \u00a0 \u00a0 \u00a0 \u00a0 \u00a0 Sistemas [&hellip;]<\/p>\n","protected":false},"author":47,"featured_media":0,"parent":0,"menu_order":0,"comment_status":"closed","ping_status":"closed","template":"","meta":{"_exactmetrics_skip_tracking":false,"_exactmetrics_sitenote_active":false,"_exactmetrics_sitenote_note":"","_exactmetrics_sitenote_category":0,"footnotes":""},"categories":[],"tags":[],"class_list":["post-346","page","type-page","status-publish","hentry"],"_links":{"self":[{"href":"http:\/\/atuaria.sites.uff.br\/index.php?rest_route=\/wp\/v2\/pages\/346","targetHints":{"allow":["GET"]}}],"collection":[{"href":"http:\/\/atuaria.sites.uff.br\/index.php?rest_route=\/wp\/v2\/pages"}],"about":[{"href":"http:\/\/atuaria.sites.uff.br\/index.php?rest_route=\/wp\/v2\/types\/page"}],"author":[{"embeddable":true,"href":"http:\/\/atuaria.sites.uff.br\/index.php?rest_route=\/wp\/v2\/users\/47"}],"replies":[{"embeddable":true,"href":"http:\/\/atuaria.sites.uff.br\/index.php?rest_route=%2Fwp%2Fv2%2Fcomments&post=346"}],"version-history":[{"count":46,"href":"http:\/\/atuaria.sites.uff.br\/index.php?rest_route=\/wp\/v2\/pages\/346\/revisions"}],"predecessor-version":[{"id":2720,"href":"http:\/\/atuaria.sites.uff.br\/index.php?rest_route=\/wp\/v2\/pages\/346\/revisions\/2720"}],"wp:attachment":[{"href":"http:\/\/atuaria.sites.uff.br\/index.php?rest_route=%2Fwp%2Fv2%2Fmedia&parent=346"}],"wp:term":[{"taxonomy":"category","embeddable":true,"href":"http:\/\/atuaria.sites.uff.br\/index.php?rest_route=%2Fwp%2Fv2%2Fcategories&post=346"},{"taxonomy":"post_tag","embeddable":true,"href":"http:\/\/atuaria.sites.uff.br\/index.php?rest_route=%2Fwp%2Fv2%2Ftags&post=346"}],"curies":[{"name":"wp","href":"https:\/\/api.w.org\/{rel}","templated":true}]}}