{"id":339,"date":"2016-08-29T11:41:55","date_gmt":"2016-08-29T14:41:55","guid":{"rendered":"http:\/\/atuaria.sites.uff.br\/?page_id=339"},"modified":"2024-05-07T00:39:43","modified_gmt":"2024-05-07T03:39:43","slug":"descricao","status":"publish","type":"page","link":"http:\/\/atuaria.sites.uff.br\/?page_id=339","title":{"rendered":"DESCRI\u00c7\u00c3O"},"content":{"rendered":"<p>O Curso de Gradua\u00e7\u00e3o em Ci\u00eancias Atuariais da Universidade Federal Fluminense \u2013 UFF foi criado em 30 de junho de 2010, por meio da decis\u00e3o do Conselho Universit\u00e1rio n\u00ba 062\/10 e a primeira turma foi iniciada em agosto de 2010. Esta cria\u00e7\u00e3o coaduna com a crescente sofistica\u00e7\u00e3o da sociedade brasileira no \u00e2mbito atuarial, onde o campo profissional do atu\u00e1rio tem crescido de forma consistente ao longo dos anos, por fatores como a maior internacionaliza\u00e7\u00e3o do Brasil no mercado externo e a crescente conscientiza\u00e7\u00e3o da sociedade brasileira da import\u00e2ncia de se investir em seguros, sa\u00fade e previd\u00eancia.<\/p>\n<p>O curso de Atu\u00e1ria da UFF \u00e9 da modalidade presencial, noturno e oferece quarenta vagas por per\u00edodo e o ingresso \u00e9 pelo Sistema de Sele\u00e7\u00e3o Unificada \u2013 Sisu e concede aos seus formandos o t\u00edtulo de bacharel em Ci\u00eancias Atuariais. Possui carga hor\u00e1ria de 2.760 horas, com dura\u00e7\u00e3o prevista para oito per\u00edodos e \u00e9 reconhecido pelo MEC pela portaria n\u00ba 867 de 09 de novembro de 2015, publicada no Di\u00e1rio Oficial da Uni\u00e3o em 13 de novembro de 2015.<\/p>\n<p>O objetivo do curso \u00e9 a coloca\u00e7\u00e3o de profissionais no mercado com excelente n\u00edvel de gradua\u00e7\u00e3o. O profissional estar\u00e1 apto a n\u00e3o s\u00f3 desenvolver suas atividades espec\u00edficas, mas tamb\u00e9m atender a demandas atuais da sociedade, se adaptar a novos processos e tecnologias, como tamb\u00e9m ocupar cargos de dire\u00e7\u00e3o nas organiza\u00e7\u00f5es.<\/p>\n<p>As disciplinas trabalham com \u00eanfase na aplica\u00e7\u00e3o pr\u00e1tica no campo de atua\u00e7\u00e3o do atu\u00e1rio, al\u00e9m de buscar sempre a contextualiza\u00e7\u00e3o com os aspectos hist\u00f3ricos, econ\u00f4micos, pol\u00edticos e sociais, oferecendo, ainda, aos graduandos, projetos de monitoria, de pesquisa e a\u00e7\u00f5es extensionistas. Congrega-se, portanto, as atividades de ensino, pesquisa e extens\u00e3o e, assim, os alunos do curso s\u00e3o preparados para atuar tanto no mercado de trabalho como na \u00e1rea acad\u00eamica.<\/p>\n","protected":false},"excerpt":{"rendered":"<p>O Curso de Gradua\u00e7\u00e3o em Ci\u00eancias Atuariais da Universidade Federal Fluminense \u2013 UFF foi criado em 30 de junho de 2010, por meio da decis\u00e3o do Conselho Universit\u00e1rio n\u00ba 062\/10 e a primeira turma foi iniciada em agosto de 2010. Esta cria\u00e7\u00e3o coaduna com a crescente sofistica\u00e7\u00e3o da sociedade brasileira no \u00e2mbito atuarial, onde o [&hellip;]<\/p>\n","protected":false},"author":47,"featured_media":0,"parent":0,"menu_order":0,"comment_status":"closed","ping_status":"closed","template":"","meta":{"_exactmetrics_skip_tracking":false,"_exactmetrics_sitenote_active":false,"_exactmetrics_sitenote_note":"","_exactmetrics_sitenote_category":0,"footnotes":""},"categories":[],"tags":[],"class_list":["post-339","page","type-page","status-publish","hentry"],"_links":{"self":[{"href":"http:\/\/atuaria.sites.uff.br\/index.php?rest_route=\/wp\/v2\/pages\/339","targetHints":{"allow":["GET"]}}],"collection":[{"href":"http:\/\/atuaria.sites.uff.br\/index.php?rest_route=\/wp\/v2\/pages"}],"about":[{"href":"http:\/\/atuaria.sites.uff.br\/index.php?rest_route=\/wp\/v2\/types\/page"}],"author":[{"embeddable":true,"href":"http:\/\/atuaria.sites.uff.br\/index.php?rest_route=\/wp\/v2\/users\/47"}],"replies":[{"embeddable":true,"href":"http:\/\/atuaria.sites.uff.br\/index.php?rest_route=%2Fwp%2Fv2%2Fcomments&post=339"}],"version-history":[{"count":8,"href":"http:\/\/atuaria.sites.uff.br\/index.php?rest_route=\/wp\/v2\/pages\/339\/revisions"}],"predecessor-version":[{"id":2399,"href":"http:\/\/atuaria.sites.uff.br\/index.php?rest_route=\/wp\/v2\/pages\/339\/revisions\/2399"}],"wp:attachment":[{"href":"http:\/\/atuaria.sites.uff.br\/index.php?rest_route=%2Fwp%2Fv2%2Fmedia&parent=339"}],"wp:term":[{"taxonomy":"category","embeddable":true,"href":"http:\/\/atuaria.sites.uff.br\/index.php?rest_route=%2Fwp%2Fv2%2Fcategories&post=339"},{"taxonomy":"post_tag","embeddable":true,"href":"http:\/\/atuaria.sites.uff.br\/index.php?rest_route=%2Fwp%2Fv2%2Ftags&post=339"}],"curies":[{"name":"wp","href":"https:\/\/api.w.org\/{rel}","templated":true}]}}