{"id":336,"date":"2016-08-29T11:41:31","date_gmt":"2016-08-29T14:41:31","guid":{"rendered":"http:\/\/atuaria.sites.uff.br\/?page_id=336"},"modified":"2016-08-29T11:41:31","modified_gmt":"2016-08-29T14:41:31","slug":"profissional","status":"publish","type":"page","link":"http:\/\/atuaria.sites.uff.br\/?page_id=336","title":{"rendered":"PROFISSIONAL"},"content":{"rendered":"<p>O atu\u00e1rio \u00e9 um profissional de neg\u00f3cios que lida com o impacto financeiro do risco e da incerteza.\u00a0 Como profissional dessa \u00e1rea, agrega conhecimentos em matem\u00e1tica, estat\u00edstica, finan\u00e7as, legisla\u00e7\u00e3o, contabilidade, economia e gest\u00e3o. Quantifica o risco em opera\u00e7\u00f5es de seguros, planos de previd\u00eancia, sa\u00fade e outros produtos. Ele tamb\u00e9m define o n\u00edvel de provis\u00f5es que cada empresa deve ter como garantia para o pagamento dos benef\u00edcios ou dos compromissos contratados.<\/p>\n<p>Al\u00e9m das \u00e1reas de atua\u00e7\u00e3o tradicionais, como previd\u00eancia, seguro e capitaliza\u00e7\u00e3o, o atu\u00e1rio est\u00e1 apto a trabalhar em gest\u00e3o de riscos, finan\u00e7as, per\u00edcia e auditoria atuarial, dentre outras. O atu\u00e1rio presta seus servi\u00e7os em organiza\u00e7\u00f5es p\u00fablicas e privadas, e pode exercer a profiss\u00e3o, tamb\u00e9m, como consultor.<\/p>\n<p>O profissional deve ter um perfil din\u00e2mico com afinidade em matem\u00e1tica, estat\u00edstica, gest\u00e3o, legisla\u00e7\u00e3o, contabilidade e economia, para agregar e aplicar no seu cotidiano sua forma\u00e7\u00e3o interdisciplinar. A atu\u00e1ria pertence ao campo das Ci\u00eancias Sociais Aplicadas e agrega conhecimentos de cursos como os de Administra\u00e7\u00e3o, Ci\u00eancias Cont\u00e1beis, Economia e Direito.<\/p>\n<p>Os maiores empregadores s\u00e3o as organiza\u00e7\u00f5es dos setores de seguros, resseguros, previd\u00eancia e planos de sa\u00fade, al\u00e9m das consultorias. O mercado de trabalho para o atu\u00e1rio est\u00e1 em permanente expans\u00e3o e costuma pagar sal\u00e1rios de acordo com o n\u00edvel de cada profissional, sendo que um iniciante pode receber cerca de 3.000 reais e um atu\u00e1rio no topo da carreira pode chegar a uma remunera\u00e7\u00e3o em torno de 50.000 reais.<\/p>\n<p>O of\u00edcio do atu\u00e1rio teve seu exerc\u00edcio regulamentado pelo Decreto n\u00b0 66.408, de 3 de abril de 1970 e, em fun\u00e7\u00e3o deste fato, o dia do atu\u00e1rio \u00e9 celebrado em 03 de abril. O Instituto Brasileiro de Atu\u00e1ria \u2013 IBA \u00e9 uma sociedade civil sem fins lucrativos que possui, dentre outros objetivos, o de cooperar com o Estado no campo de atua\u00e7\u00e3o do profissional de atu\u00e1ria e na implementa\u00e7\u00e3o da t\u00e9cnica atuarial. Para obten\u00e7\u00e3o de registro no IBA, o profissional dever\u00e1 prestar exame de admiss\u00e3o, realizado anualmente.<\/p>\n","protected":false},"excerpt":{"rendered":"<p>O atu\u00e1rio \u00e9 um profissional de neg\u00f3cios que lida com o impacto financeiro do risco e da incerteza.\u00a0 Como profissional dessa \u00e1rea, agrega conhecimentos em matem\u00e1tica, estat\u00edstica, finan\u00e7as, legisla\u00e7\u00e3o, contabilidade, economia e gest\u00e3o. Quantifica o risco em opera\u00e7\u00f5es de seguros, planos de previd\u00eancia, sa\u00fade e outros produtos. Ele tamb\u00e9m define o n\u00edvel de provis\u00f5es que [&hellip;]<\/p>\n","protected":false},"author":47,"featured_media":0,"parent":0,"menu_order":0,"comment_status":"closed","ping_status":"closed","template":"","meta":{"_exactmetrics_skip_tracking":false,"_exactmetrics_sitenote_active":false,"_exactmetrics_sitenote_note":"","_exactmetrics_sitenote_category":0,"footnotes":""},"categories":[],"tags":[],"class_list":["post-336","page","type-page","status-publish","hentry"],"_links":{"self":[{"href":"http:\/\/atuaria.sites.uff.br\/index.php?rest_route=\/wp\/v2\/pages\/336","targetHints":{"allow":["GET"]}}],"collection":[{"href":"http:\/\/atuaria.sites.uff.br\/index.php?rest_route=\/wp\/v2\/pages"}],"about":[{"href":"http:\/\/atuaria.sites.uff.br\/index.php?rest_route=\/wp\/v2\/types\/page"}],"author":[{"embeddable":true,"href":"http:\/\/atuaria.sites.uff.br\/index.php?rest_route=\/wp\/v2\/users\/47"}],"replies":[{"embeddable":true,"href":"http:\/\/atuaria.sites.uff.br\/index.php?rest_route=%2Fwp%2Fv2%2Fcomments&post=336"}],"version-history":[{"count":1,"href":"http:\/\/atuaria.sites.uff.br\/index.php?rest_route=\/wp\/v2\/pages\/336\/revisions"}],"predecessor-version":[{"id":338,"href":"http:\/\/atuaria.sites.uff.br\/index.php?rest_route=\/wp\/v2\/pages\/336\/revisions\/338"}],"wp:attachment":[{"href":"http:\/\/atuaria.sites.uff.br\/index.php?rest_route=%2Fwp%2Fv2%2Fmedia&parent=336"}],"wp:term":[{"taxonomy":"category","embeddable":true,"href":"http:\/\/atuaria.sites.uff.br\/index.php?rest_route=%2Fwp%2Fv2%2Fcategories&post=336"},{"taxonomy":"post_tag","embeddable":true,"href":"http:\/\/atuaria.sites.uff.br\/index.php?rest_route=%2Fwp%2Fv2%2Ftags&post=336"}],"curies":[{"name":"wp","href":"https:\/\/api.w.org\/{rel}","templated":true}]}}