{"id":330,"date":"2016-08-29T11:38:55","date_gmt":"2016-08-29T14:38:55","guid":{"rendered":"http:\/\/atuaria.sites.uff.br\/?page_id=330"},"modified":"2016-08-31T16:32:47","modified_gmt":"2016-08-31T19:32:47","slug":"historia","status":"publish","type":"page","link":"http:\/\/atuaria.sites.uff.br\/?page_id=330","title":{"rendered":"HIST\u00d3RIA"},"content":{"rendered":"<p>Recorrentemente, diversos autores quando tratam da Hist\u00f3ria dos Seguros, da Previd\u00eancia e da Atu\u00e1ria retornam \u00e0 Antiguidade. Um exemplo \u00e9 o C\u00f3digo de Hamur\u00e1bi, do s\u00e9culo XVIII a.C., entendido por parte da bibliografia sobre o tema como marco inicial da atividade securit\u00e1ria. O termo atu\u00e1rio era utilizado na Roma Antiga, onde os escribas do Senado eram denominados <em>actuarius.<\/em> O prefeito pretoriano de Roma, o jurista Eneo Domitius Ulpianus, foi designado, postumamente, como o primeiro atu\u00e1rio da hist\u00f3ria, pois realizou registros de nascimentos e mortes dos romanos, criando a chamada t\u00e1bua de Ulpianus.<\/p>\n<p>Ao longo da Idade M\u00e9dia eram realizadas uma s\u00e9rie de pr\u00e1ticas de prote\u00e7\u00e3o que v\u00e1rios autores fazem analogia com as atividades securit\u00e1rias e previdenci\u00e1rias atuais. No entanto, somente na Europa dos s\u00e9culos XVII e XVIII \u00e9 que as opera\u00e7\u00f5es de seguros se aproximaram bastante com as praticadas da atualidade.<\/p>\n<p>Igualmente, a utiliza\u00e7\u00e3o da palavra atu\u00e1rio no sentido contempor\u00e2neo da profiss\u00e3o come\u00e7ou a desenhar-se na Inglaterra desta \u00e9poca, ou seja, na Idade Moderna. Inicialmente, foram designados atu\u00e1rios os contadores encarregados dos c\u00e1lculos financeiros das organiza\u00e7\u00f5es, mas foi o m\u00e9dico brit\u00e2nico William Morgan que ganhou o t\u00edtulo\u00a0de primeiro\u00a0atu\u00e1rio moderno e de um dos fundadores da profiss\u00e3o, pela sua dedica\u00e7\u00e3o ao estudo do seguro de vida e por sua atua\u00e7\u00e3o na Equitable, companhia dedicada \u00e0 mencionada modalidade securit\u00e1ria.<\/p>\n<p>Em rela\u00e7\u00e3o ao Brasil, com a chegada do pr\u00edncipe regente D. Jo\u00e3o e da sua corte ao Novo Mundo, foi criada a primeira seguradora em terras bras\u00edlicas no formado S\/A, a Companhia de Seguros Boa F\u00e9. Nas d\u00e9cadas seguintes, surgiram v\u00e1rias companhias de seguros e, tamb\u00e9m, os montepios, esp\u00e9cie de previd\u00eancia privada. Ainda no s\u00e9culo XIX, D. Pedro II preocupou-se com a implementa\u00e7\u00e3o de pens\u00f5es para v\u00e1rias categorias profissionais.<\/p>\n<p>No per\u00edodo republicano, destacam-se os governos de Get\u00falio Vargas, quando uma s\u00e9rie de medidas beneficiaram os setores securit\u00e1rio e previdenci\u00e1rio, bem como a profiss\u00e3o do atu\u00e1rio. Como exemplos podem ser citados a cria\u00e7\u00e3o do Instituto de Resseguros do Brasil, o IRB, e do Instituto Brasileiro de Atu\u00e1ria, o IBA, assim como os primeiros cursos de Ci\u00eancias Atuariais, nas Faculdades de Economia das ent\u00e3o designadas Universidade do Brasil e Universidade do Rio Grande do Sul.<\/p>\n","protected":false},"excerpt":{"rendered":"<p>Recorrentemente, diversos autores quando tratam da Hist\u00f3ria dos Seguros, da Previd\u00eancia e da Atu\u00e1ria retornam \u00e0 Antiguidade. Um exemplo \u00e9 o C\u00f3digo de Hamur\u00e1bi, do s\u00e9culo XVIII a.C., entendido por parte da bibliografia sobre o tema como marco inicial da atividade securit\u00e1ria. O termo atu\u00e1rio era utilizado na Roma Antiga, onde os escribas do Senado [&hellip;]<\/p>\n","protected":false},"author":47,"featured_media":0,"parent":0,"menu_order":0,"comment_status":"closed","ping_status":"closed","template":"","meta":{"_exactmetrics_skip_tracking":false,"_exactmetrics_sitenote_active":false,"_exactmetrics_sitenote_note":"","_exactmetrics_sitenote_category":0,"footnotes":""},"categories":[],"tags":[],"class_list":["post-330","page","type-page","status-publish","hentry"],"_links":{"self":[{"href":"http:\/\/atuaria.sites.uff.br\/index.php?rest_route=\/wp\/v2\/pages\/330","targetHints":{"allow":["GET"]}}],"collection":[{"href":"http:\/\/atuaria.sites.uff.br\/index.php?rest_route=\/wp\/v2\/pages"}],"about":[{"href":"http:\/\/atuaria.sites.uff.br\/index.php?rest_route=\/wp\/v2\/types\/page"}],"author":[{"embeddable":true,"href":"http:\/\/atuaria.sites.uff.br\/index.php?rest_route=\/wp\/v2\/users\/47"}],"replies":[{"embeddable":true,"href":"http:\/\/atuaria.sites.uff.br\/index.php?rest_route=%2Fwp%2Fv2%2Fcomments&post=330"}],"version-history":[{"count":3,"href":"http:\/\/atuaria.sites.uff.br\/index.php?rest_route=\/wp\/v2\/pages\/330\/revisions"}],"predecessor-version":[{"id":643,"href":"http:\/\/atuaria.sites.uff.br\/index.php?rest_route=\/wp\/v2\/pages\/330\/revisions\/643"}],"wp:attachment":[{"href":"http:\/\/atuaria.sites.uff.br\/index.php?rest_route=%2Fwp%2Fv2%2Fmedia&parent=330"}],"wp:term":[{"taxonomy":"category","embeddable":true,"href":"http:\/\/atuaria.sites.uff.br\/index.php?rest_route=%2Fwp%2Fv2%2Fcategories&post=330"},{"taxonomy":"post_tag","embeddable":true,"href":"http:\/\/atuaria.sites.uff.br\/index.php?rest_route=%2Fwp%2Fv2%2Ftags&post=330"}],"curies":[{"name":"wp","href":"https:\/\/api.w.org\/{rel}","templated":true}]}}