{"id":1306,"date":"2017-08-14T18:13:10","date_gmt":"2017-08-14T21:13:10","guid":{"rendered":"http:\/\/atuaria.sites.uff.br\/?page_id=1306"},"modified":"2017-08-14T18:13:10","modified_gmt":"2017-08-14T21:13:10","slug":"mobilidade-academica-nacional","status":"publish","type":"page","link":"http:\/\/atuaria.sites.uff.br\/?page_id=1306","title":{"rendered":"Mobilidade Acad\u00eamica- Nacional"},"content":{"rendered":"<p><strong>Descri\u00e7\u00e3o<\/strong><\/p>\n<p>O Programa de Mobilidade Acad\u00eamica permite ao aluno da UFF cursar componentes curriculares em outra institui\u00e7\u00e3o federal de ensino superior na forma de vincula\u00e7\u00e3o tempor\u00e1ria como disciplina isolada, pelo prazo m\u00e1ximo de um ano letivo. Somente ser\u00e1 permitida a participa\u00e7\u00e3o do estudante no programa, quando atendidos os seguintes requisitos:<\/p>\n<ul>\n<li>Ter aprova\u00e7\u00e3o em todas as disciplinas do 1\u00ba e 2\u00ba per\u00edodos letivos;<\/li>\n<\/ul>\n<ul>\n<li>N\u00e3o possuir mais de 1 (uma) reprova\u00e7\u00e3o por per\u00edodo letivo;<\/li>\n<\/ul>\n<ul>\n<li>Ter autoriza\u00e7\u00e3o das institui\u00e7\u00f5es federais de ensino superior envolvidas.<\/li>\n<\/ul>\n<p><a href=\"http:\/\/www.uff.br\/?q=admissao-aos-cursos-de-graduacao\" target=\"_blank\">Link<\/a><\/p>\n","protected":false},"excerpt":{"rendered":"<p>Descri\u00e7\u00e3o O Programa de Mobilidade Acad\u00eamica permite ao aluno da UFF cursar componentes curriculares em outra institui\u00e7\u00e3o federal de ensino superior na forma de vincula\u00e7\u00e3o tempor\u00e1ria como disciplina isolada, pelo prazo m\u00e1ximo de um ano letivo. Somente ser\u00e1 permitida a participa\u00e7\u00e3o do estudante no programa, quando atendidos os seguintes requisitos: Ter aprova\u00e7\u00e3o em todas as [&hellip;]<\/p>\n","protected":false},"author":47,"featured_media":0,"parent":0,"menu_order":0,"comment_status":"closed","ping_status":"closed","template":"","meta":{"_exactmetrics_skip_tracking":false,"_exactmetrics_sitenote_active":false,"_exactmetrics_sitenote_note":"","_exactmetrics_sitenote_category":0,"footnotes":""},"categories":[],"tags":[],"class_list":["post-1306","page","type-page","status-publish","hentry"],"_links":{"self":[{"href":"http:\/\/atuaria.sites.uff.br\/index.php?rest_route=\/wp\/v2\/pages\/1306","targetHints":{"allow":["GET"]}}],"collection":[{"href":"http:\/\/atuaria.sites.uff.br\/index.php?rest_route=\/wp\/v2\/pages"}],"about":[{"href":"http:\/\/atuaria.sites.uff.br\/index.php?rest_route=\/wp\/v2\/types\/page"}],"author":[{"embeddable":true,"href":"http:\/\/atuaria.sites.uff.br\/index.php?rest_route=\/wp\/v2\/users\/47"}],"replies":[{"embeddable":true,"href":"http:\/\/atuaria.sites.uff.br\/index.php?rest_route=%2Fwp%2Fv2%2Fcomments&post=1306"}],"version-history":[{"count":1,"href":"http:\/\/atuaria.sites.uff.br\/index.php?rest_route=\/wp\/v2\/pages\/1306\/revisions"}],"predecessor-version":[{"id":1307,"href":"http:\/\/atuaria.sites.uff.br\/index.php?rest_route=\/wp\/v2\/pages\/1306\/revisions\/1307"}],"wp:attachment":[{"href":"http:\/\/atuaria.sites.uff.br\/index.php?rest_route=%2Fwp%2Fv2%2Fmedia&parent=1306"}],"wp:term":[{"taxonomy":"category","embeddable":true,"href":"http:\/\/atuaria.sites.uff.br\/index.php?rest_route=%2Fwp%2Fv2%2Fcategories&post=1306"},{"taxonomy":"post_tag","embeddable":true,"href":"http:\/\/atuaria.sites.uff.br\/index.php?rest_route=%2Fwp%2Fv2%2Ftags&post=1306"}],"curies":[{"name":"wp","href":"https:\/\/api.w.org\/{rel}","templated":true}]}}